{"id":1216,"date":"2020-05-20T18:00:46","date_gmt":"2020-05-20T16:00:46","guid":{"rendered":"http:\/\/amc77.org\/?page_id=1216"},"modified":"2021-06-08T15:46:03","modified_gmt":"2021-06-08T13:46:03","slug":"nos-cursus","status":"publish","type":"page","link":"https:\/\/amc77.org\/index.php\/nos-cursus\/","title":{"rendered":"Nos cursus"},"content":{"rendered":"\n<h1 class=\"has-huge-font-size wp-block-heading\"><em><strong>Nos cursus<\/strong><\/em><\/h1>\n\n\n\n<p class=\"has-text-align-left\">Pour les jeunes enfants (de 4 \u00e0 6 ans) trois prestations sont propos\u00e9es&nbsp;:<\/p>\n\n\n\n<p><\/p>\n\n\n\n<ul class=\"wp-block-list\"><li> L&rsquo;\u00e9veil musical pour les 4-5 ans (<a href=\"http:\/\/amc77.org\/index.php\/eveil-musical\/\"><em>en savoir plus<\/em><\/a>)<\/li><li>La d\u00e9couverte des instruments pour les 5-6 ans (<a href=\"http:\/\/amc77.org\/index.php\/decouverte-des-instruments\/\">en savoir plus<\/a>)<\/li><li>Pour les enfants ayant fait le choix de leur instrument, un cours d\u2019instrument de 20 min sans formation musicale<\/li><\/ul>\n\n\n\n<p>Apr\u00e8s 7 ans l\u2019enseignement d\u2019un instrument \u00e0 AMC est organis\u00e9 autour de 2 cursus&nbsp;:<\/p>\n\n\n\n<ul class=\"wp-block-list\"><li>Le\u00a0<strong>cursus acad\u00e9mique<\/strong>\u00a0: il s\u2019agit d\u2019un parcours dipl\u00f4mant int\u00e9grant\u00a0:<ul><li>un cours individuel d\u2019instrument (dur\u00e9e variable selon le niveau)<\/li><li>un cours de formation musicale classique (ou jazz d\u00e8s la 4\u00e8me ann\u00e9e de FM) &#8211; dur\u00e9e selon niveau<\/li><li>un participation recommand\u00e9e \u00e0 un ensemble <strong>(obligatoire en fin de cycle)<\/strong><\/li><\/ul><\/li><li>Le\u00a0<strong>cursus loisir\u00a0:<\/strong><ul><li>un cours individuel d\u2019instrument (dur\u00e9e selon niveau)<\/li><li>la participation obligatoire \u00e0 un ensemble (<em><span class=\"has-inline-color has-bright-blue-color\"><a href=\"http:\/\/amc77.org\/index.php\/ensembles\/\">en savoir plu<\/a><\/span><\/em><a href=\"http:\/\/amc77.org\/index.php\/ensembles\/\"><em><span class=\"has-inline-color has-bright-blue-color\">s<\/span><\/em><\/a>)<\/li><\/ul><\/li><\/ul>\n\n\n\n<p>Le cursus acad\u00e9mique est obligatoire en 1<sup>er<\/sup>&nbsp;cycle, une fois le 1<sup>er<\/sup>&nbsp;cycle obtenu les \u00e9l\u00e8ves peuvent au choix continuer l\u2019apprentissage d\u2019un instrument&nbsp;:<\/p>\n\n\n\n<ul class=\"wp-block-list\"><li>en cursus acad\u00e9mique<\/li><li>ou en cursus loisir<\/li><\/ul>\n\n\n\n<p>Ils peuvent aussi opter pour un atelier collectif. (<em><a href=\"http:\/\/amc77.org\/index.php\/ateliers\/\">e<\/a><\/em><em><a href=\"http:\/\/amc77.org\/index.php\/ateliers\/\">n<\/a><\/em><em><a href=\"http:\/\/amc77.org\/index.php\/ateliers\/\"> <\/a><\/em><em><a href=\"http:\/\/amc77.org\/index.php\/ateliers\/\">s<\/a><\/em><em><a href=\"http:\/\/amc77.org\/index.php\/ateliers\/\">a<\/a><\/em><em><a href=\"http:\/\/amc77.org\/index.php\/ateliers\/\">v<\/a><\/em><em><a href=\"http:\/\/amc77.org\/index.php\/ateliers\/\">o<\/a><\/em><em><a href=\"http:\/\/amc77.org\/index.php\/ateliers\/\">i<\/a><\/em><em><a href=\"http:\/\/amc77.org\/index.php\/ateliers\/\">r<\/a><\/em><em><a href=\"http:\/\/amc77.org\/index.php\/ateliers\/\"> <\/a><\/em><em><a href=\"http:\/\/amc77.org\/index.php\/ateliers\/\">p<\/a><\/em><em><a href=\"http:\/\/amc77.org\/index.php\/ateliers\/\">l<\/a><\/em><em><a href=\"http:\/\/amc77.org\/index.php\/ateliers\/\">u<\/a><\/em><a href=\"http:\/\/amc77.org\/index.php\/ateliers\/\"><em>s<\/em><\/a>)<\/p>\n\n\n\n<figure class=\"wp-block-table is-style-regular\"><table class=\"has-background has-fixed-layout\" style=\"background-color:#f3f4f5\"><thead><tr><th class=\"has-text-align-left\" data-align=\"left\">Pendant le 1<sup>er<\/sup>&nbsp;cycle<\/th><th class=\"has-text-align-left\" data-align=\"left\">Une fois le 1<sup>er<\/sup>&nbsp;cycle obtenu<\/th><\/tr><\/thead><tbody><tr><td class=\"has-text-align-left\" data-align=\"left\">Cursus acad\u00e9mique&nbsp;<\/td><td class=\"has-text-align-left\" data-align=\"left\">Cursus acad\u00e9mique\u00a0<br> Ou\u00a0<br>Cursus loisir\u00a0<br> Ou\u00a0<br>Atelier collectif\u00a0<\/td><\/tr><\/tbody><\/table><\/figure>\n\n\n\n<p>Pour les adultes l\u2019apprentissage de l\u2019instrument est possible, sans participation obligatoire \u00e0 un ensemble et sans formation musicale. Les cours durent au choix 30, 45 ou 60 min (<a href=\"http:\/\/amc77.org\/index.php\/tarifs\/\">voir les tarifs<\/a>).<\/p>\n","protected":false},"excerpt":{"rendered":"<p>Nos cursus Pour les jeunes enfants (de 4 \u00e0 6 ans) trois prestations sont propos\u00e9es&nbsp;: L&rsquo;\u00e9veil musical pour les 4-5 ans (en savoir plus) La d\u00e9couverte des instruments pour les 5-6 ans (en savoir plus) Pour les enfants ayant fait le choix de leur instrument, un cours d\u2019instrument de 20 min sans formation musicale Apr\u00e8s &hellip; <a href=\"https:\/\/amc77.org\/index.php\/nos-cursus\/\" class=\"more-link\">Continuer la lecture<span class=\"screen-reader-text\"> de &laquo;&nbsp;Nos cursus&nbsp;&raquo;<\/span><\/a><\/p>\n","protected":false},"author":2,"featured_media":1256,"parent":0,"menu_order":0,"comment_status":"closed","ping_status":"closed","template":"","meta":{"footnotes":""},"class_list":["post-1216","page","type-page","status-publish","has-post-thumbnail","hentry"],"_links":{"self":[{"href":"https:\/\/amc77.org\/index.php\/wp-json\/wp\/v2\/pages\/1216","targetHints":{"allow":["GET"]}}],"collection":[{"href":"https:\/\/amc77.org\/index.php\/wp-json\/wp\/v2\/pages"}],"about":[{"href":"https:\/\/amc77.org\/index.php\/wp-json\/wp\/v2\/types\/page"}],"author":[{"embeddable":true,"href":"https:\/\/amc77.org\/index.php\/wp-json\/wp\/v2\/users\/2"}],"replies":[{"embeddable":true,"href":"https:\/\/amc77.org\/index.php\/wp-json\/wp\/v2\/comments?post=1216"}],"version-history":[{"count":19,"href":"https:\/\/amc77.org\/index.php\/wp-json\/wp\/v2\/pages\/1216\/revisions"}],"predecessor-version":[{"id":1733,"href":"https:\/\/amc77.org\/index.php\/wp-json\/wp\/v2\/pages\/1216\/revisions\/1733"}],"wp:featuredmedia":[{"embeddable":true,"href":"https:\/\/amc77.org\/index.php\/wp-json\/wp\/v2\/media\/1256"}],"wp:attachment":[{"href":"https:\/\/amc77.org\/index.php\/wp-json\/wp\/v2\/media?parent=1216"}],"curies":[{"name":"wp","href":"https:\/\/api.w.org\/{rel}","templated":true}]}}