{"id":1413,"date":"2020-06-03T14:57:28","date_gmt":"2020-06-03T12:57:28","guid":{"rendered":"http:\/\/amc77.org\/?page_id=1413"},"modified":"2020-06-08T12:31:52","modified_gmt":"2020-06-08T10:31:52","slug":"initiation-individuelle-a-linstrument","status":"publish","type":"page","link":"https:\/\/amc77.org\/index.php\/initiation-individuelle-a-linstrument\/","title":{"rendered":"Initiation individuelle \u00e0 l&rsquo;instrument (7 ans)"},"content":{"rendered":"\n<p style=\"line-height:1.5;font-size:40px\"><strong>Initiation individuelle \u00e0 l&rsquo;instrument (7 ans)<\/strong><\/p>\n\n\n\n<p>Cette initiation \u00e0 l&rsquo;instrument est destin\u00e9e aux enfants ayant 7 ans qui souhaitent d\u00e9marrer l&rsquo;apprentissage d&rsquo;un instrument afin de confirmer son choix l&rsquo; ann\u00e9e suivante et de commencer le cursus \u00ab\u00a0acad\u00e9mique\u00a0\u00bb jusqu&rsquo;\u00e0 l&rsquo;obtention de la fin de cycle I.<\/p>\n\n\n\n<p>Ce cours est d&rsquo;une dur\u00e9e de 20 mn sans formation musicale.<\/p>\n\n\n\n","protected":false},"excerpt":{"rendered":"<p>Initiation individuelle \u00e0 l&rsquo;instrument (7 ans) Cette initiation \u00e0 l&rsquo;instrument est destin\u00e9e aux enfants ayant 7 ans qui souhaitent d\u00e9marrer l&rsquo;apprentissage d&rsquo;un instrument afin de confirmer son choix l&rsquo; ann\u00e9e suivante et de commencer le cursus \u00ab\u00a0acad\u00e9mique\u00a0\u00bb jusqu&rsquo;\u00e0 l&rsquo;obtention de la fin de cycle I. Ce cours est d&rsquo;une dur\u00e9e de 20 mn sans formation &hellip; <a href=\"https:\/\/amc77.org\/index.php\/initiation-individuelle-a-linstrument\/\" class=\"more-link\">Continuer la lecture<span class=\"screen-reader-text\"> de &laquo;&nbsp;Initiation individuelle \u00e0 l&rsquo;instrument (7 ans)&nbsp;&raquo;<\/span><\/a><\/p>\n","protected":false},"author":2,"featured_media":1276,"parent":0,"menu_order":0,"comment_status":"closed","ping_status":"closed","template":"","meta":{"footnotes":""},"class_list":["post-1413","page","type-page","status-publish","has-post-thumbnail","hentry"],"_links":{"self":[{"href":"https:\/\/amc77.org\/index.php\/wp-json\/wp\/v2\/pages\/1413","targetHints":{"allow":["GET"]}}],"collection":[{"href":"https:\/\/amc77.org\/index.php\/wp-json\/wp\/v2\/pages"}],"about":[{"href":"https:\/\/amc77.org\/index.php\/wp-json\/wp\/v2\/types\/page"}],"author":[{"embeddable":true,"href":"https:\/\/amc77.org\/index.php\/wp-json\/wp\/v2\/users\/2"}],"replies":[{"embeddable":true,"href":"https:\/\/amc77.org\/index.php\/wp-json\/wp\/v2\/comments?post=1413"}],"version-history":[{"count":14,"href":"https:\/\/amc77.org\/index.php\/wp-json\/wp\/v2\/pages\/1413\/revisions"}],"predecessor-version":[{"id":1437,"href":"https:\/\/amc77.org\/index.php\/wp-json\/wp\/v2\/pages\/1413\/revisions\/1437"}],"wp:featuredmedia":[{"embeddable":true,"href":"https:\/\/amc77.org\/index.php\/wp-json\/wp\/v2\/media\/1276"}],"wp:attachment":[{"href":"https:\/\/amc77.org\/index.php\/wp-json\/wp\/v2\/media?parent=1413"}],"curies":[{"name":"wp","href":"https:\/\/api.w.org\/{rel}","templated":true}]}}