{"id":1512,"date":"2020-06-08T15:33:29","date_gmt":"2020-06-08T13:33:29","guid":{"rendered":"http:\/\/amc77.org\/?page_id=1512"},"modified":"2020-06-08T15:43:03","modified_gmt":"2020-06-08T13:43:03","slug":"nos-partenaires-2","status":"publish","type":"page","link":"https:\/\/amc77.org\/index.php\/nos-partenaires-2\/","title":{"rendered":"Nos partenaires"},"content":{"rendered":"\n<h1 class=\"has-text-align-center has-huge-font-size wp-block-heading\"><strong><em>Nos partenaires<\/em><\/strong><\/h1>\n\n\n\n<figure class=\"wp-block-image size-large is-resized\"><a href=\"http:\/\/www.avon77.com\/\" target=\"_blank\" rel=\"noopener noreferrer\"><img loading=\"lazy\" decoding=\"async\" src=\"http:\/\/amc77.org\/wp-content\/uploads\/2018\/06\/logo_avon.jpg\" alt=\"\" class=\"wp-image-8\" width=\"134\" height=\"134\" srcset=\"https:\/\/amc77.org\/wp-content\/uploads\/2018\/06\/logo_avon.jpg 200w, https:\/\/amc77.org\/wp-content\/uploads\/2018\/06\/logo_avon-150x150.jpg 150w\" sizes=\"auto, (max-width: 134px) 85vw, 134px\" \/><\/a><\/figure>\n\n\n\n<p><em>AMC est li\u00e9e \u00e0 la mairie par une convention d\u2019objectifs et de moyens afin d\u2019assurer, entre autre, des services musicaux lors des c\u00e9r\u00e9monies patriotiques. De fait, elle re\u00e7oit une subvention municipale permettant de proposer des tarifs raisonnables aux adh\u00e9rents.<\/em><\/p>\n\n\n\n<figure class=\"wp-block-image size-large is-resized\"><a href=\"https:\/\/www.seine-et-marne.fr\/\" target=\"_blank\" rel=\"noopener noreferrer\"><img loading=\"lazy\" decoding=\"async\" src=\"http:\/\/amc77.org\/wp-content\/uploads\/2020\/06\/77.png\" alt=\"\" class=\"wp-image-1509\" width=\"97\" height=\"143\" srcset=\"https:\/\/amc77.org\/wp-content\/uploads\/2020\/06\/77.png 612w, https:\/\/amc77.org\/wp-content\/uploads\/2020\/06\/77-204x300.png 204w\" sizes=\"auto, (max-width: 97px) 85vw, 97px\" \/><\/a><\/figure>\n\n\n\n<p><em>Le Conseil D\u00e9partemental de Seine et Marne participe au financement d&rsquo;Avon Musique et Culture depuis de longues ann\u00e9es.<\/em><\/p>\n","protected":false},"excerpt":{"rendered":"<p>Nos partenaires AMC est li\u00e9e \u00e0 la mairie par une convention d\u2019objectifs et de moyens afin d\u2019assurer, entre autre, des services musicaux lors des c\u00e9r\u00e9monies patriotiques. De fait, elle re\u00e7oit une subvention municipale permettant de proposer des tarifs raisonnables aux adh\u00e9rents. Le Conseil D\u00e9partemental de Seine et Marne participe au financement d&rsquo;Avon Musique et Culture &hellip; <a href=\"https:\/\/amc77.org\/index.php\/nos-partenaires-2\/\" class=\"more-link\">Continuer la lecture<span class=\"screen-reader-text\"> de &laquo;&nbsp;Nos partenaires&nbsp;&raquo;<\/span><\/a><\/p>\n","protected":false},"author":2,"featured_media":1478,"parent":0,"menu_order":0,"comment_status":"closed","ping_status":"closed","template":"","meta":{"footnotes":""},"class_list":["post-1512","page","type-page","status-publish","has-post-thumbnail","hentry"],"_links":{"self":[{"href":"https:\/\/amc77.org\/index.php\/wp-json\/wp\/v2\/pages\/1512","targetHints":{"allow":["GET"]}}],"collection":[{"href":"https:\/\/amc77.org\/index.php\/wp-json\/wp\/v2\/pages"}],"about":[{"href":"https:\/\/amc77.org\/index.php\/wp-json\/wp\/v2\/types\/page"}],"author":[{"embeddable":true,"href":"https:\/\/amc77.org\/index.php\/wp-json\/wp\/v2\/users\/2"}],"replies":[{"embeddable":true,"href":"https:\/\/amc77.org\/index.php\/wp-json\/wp\/v2\/comments?post=1512"}],"version-history":[{"count":3,"href":"https:\/\/amc77.org\/index.php\/wp-json\/wp\/v2\/pages\/1512\/revisions"}],"predecessor-version":[{"id":1516,"href":"https:\/\/amc77.org\/index.php\/wp-json\/wp\/v2\/pages\/1512\/revisions\/1516"}],"wp:featuredmedia":[{"embeddable":true,"href":"https:\/\/amc77.org\/index.php\/wp-json\/wp\/v2\/media\/1478"}],"wp:attachment":[{"href":"https:\/\/amc77.org\/index.php\/wp-json\/wp\/v2\/media?parent=1512"}],"curies":[{"name":"wp","href":"https:\/\/api.w.org\/{rel}","templated":true}]}}