{"id":158,"date":"2018-06-23T18:59:11","date_gmt":"2018-06-23T16:59:11","guid":{"rendered":"http:\/\/amc77.org\/?page_id=158"},"modified":"2020-06-12T14:37:51","modified_gmt":"2020-06-12T12:37:51","slug":"sabine-frenzl-flute-traversiere","status":"publish","type":"page","link":"https:\/\/amc77.org\/index.php\/sabine-frenzl-flute-traversiere\/","title":{"rendered":"Sabine FRENZL, fl\u00fbte traversi\u00e8re"},"content":{"rendered":"\n<h2 class=\"has-text-align-center has-medium-font-size wp-block-heading\"><strong>Sabine FRENZL, fl\u00fbte traversi\u00e8re<\/strong><\/h2>\n\n\n\n<p>Sabine Frenzl, titulaire du dipl\u00f4me d&rsquo;\u00e9tat d&rsquo;enseignement de la fl\u00fbte traversi\u00e8re&nbsp; enseigne dans plusieurs \u00e9coles municipales et associatives de la r\u00e9gion de Fontainebleau.&nbsp; &nbsp;Elle fait ses \u00e9tudes \u00e0 L&rsquo;ENM de Ville d&rsquo;Avray aupr\u00e8s de Patrice Bocquillon sp\u00e9cialiste de la musique contemporaine et obtient la m\u00e9daille d&rsquo;or et le prix d&rsquo;excellence.&nbsp;Elle se perfectionne \u00e0 la Musikhochschule de Graz en Autriche o\u00f9 elle pratique le quintette \u00e0 vent et l&rsquo;orchestre symphonique.Dans son activit\u00e9 de chambriste elle s&rsquo;associe avec des musiciens de la r\u00e9gion et donne r\u00e9guli\u00e8rement des concerts en duo trio ou quatuor.&nbsp;<\/p>\n","protected":false},"excerpt":{"rendered":"<p>Sabine FRENZL, fl\u00fbte traversi\u00e8re Sabine Frenzl, titulaire du dipl\u00f4me d&rsquo;\u00e9tat d&rsquo;enseignement de la fl\u00fbte traversi\u00e8re&nbsp; enseigne dans plusieurs \u00e9coles municipales et associatives de la r\u00e9gion de Fontainebleau.&nbsp; &nbsp;Elle fait ses \u00e9tudes \u00e0 L&rsquo;ENM de Ville d&rsquo;Avray aupr\u00e8s de Patrice Bocquillon sp\u00e9cialiste de la musique contemporaine et obtient la m\u00e9daille d&rsquo;or et le prix d&rsquo;excellence.&nbsp;Elle se &hellip; <a href=\"https:\/\/amc77.org\/index.php\/sabine-frenzl-flute-traversiere\/\" class=\"more-link\">Continuer la lecture<span class=\"screen-reader-text\"> de &laquo;&nbsp;Sabine FRENZL, fl\u00fbte traversi\u00e8re&nbsp;&raquo;<\/span><\/a><\/p>\n","protected":false},"author":1,"featured_media":1532,"parent":0,"menu_order":0,"comment_status":"closed","ping_status":"closed","template":"","meta":{"footnotes":""},"class_list":["post-158","page","type-page","status-publish","has-post-thumbnail","hentry"],"_links":{"self":[{"href":"https:\/\/amc77.org\/index.php\/wp-json\/wp\/v2\/pages\/158","targetHints":{"allow":["GET"]}}],"collection":[{"href":"https:\/\/amc77.org\/index.php\/wp-json\/wp\/v2\/pages"}],"about":[{"href":"https:\/\/amc77.org\/index.php\/wp-json\/wp\/v2\/types\/page"}],"author":[{"embeddable":true,"href":"https:\/\/amc77.org\/index.php\/wp-json\/wp\/v2\/users\/1"}],"replies":[{"embeddable":true,"href":"https:\/\/amc77.org\/index.php\/wp-json\/wp\/v2\/comments?post=158"}],"version-history":[{"count":8,"href":"https:\/\/amc77.org\/index.php\/wp-json\/wp\/v2\/pages\/158\/revisions"}],"predecessor-version":[{"id":1548,"href":"https:\/\/amc77.org\/index.php\/wp-json\/wp\/v2\/pages\/158\/revisions\/1548"}],"wp:featuredmedia":[{"embeddable":true,"href":"https:\/\/amc77.org\/index.php\/wp-json\/wp\/v2\/media\/1532"}],"wp:attachment":[{"href":"https:\/\/amc77.org\/index.php\/wp-json\/wp\/v2\/media?parent=158"}],"curies":[{"name":"wp","href":"https:\/\/api.w.org\/{rel}","templated":true}]}}