{"id":1653,"date":"2021-04-28T14:41:08","date_gmt":"2021-04-28T12:41:08","guid":{"rendered":"http:\/\/amc77.org\/?page_id=1653"},"modified":"2024-06-26T13:46:57","modified_gmt":"2024-06-26T11:46:57","slug":"ensemble-rock","status":"publish","type":"page","link":"https:\/\/amc77.org\/index.php\/ensemble-rock\/","title":{"rendered":"Ensemble Rock"},"content":{"rendered":"\n<p class=\"has-text-align-center\">A destination des musiciens ayant au minimum 2 ann\u00e9es de pratique.<\/p>\n\n\n\n<p class=\"has-text-align-center\">Le but \u00e9tant de jouer en groupe sur un r\u00e9pertoire binaire, d\u00e9velopper sa pratique collective, d&rsquo;approfondir ses connaissances musicales et le vocabulaire propre \u00e0 la musique vis\u00e9e (construction autour d&rsquo;un pattern de batterie, d&rsquo;un riff de guitare, d&rsquo;une ligne de basse &#8230;.. etc) tout en progressant instrumentalement sur des grands morceaux de la culture rock.<\/p>\n\n\n<div class=\"wp-block-image is-resized\">\n<figure class=\"aligncenter size-large\"><img loading=\"lazy\" decoding=\"async\" width=\"724\" height=\"1024\" src=\"https:\/\/amc77.org\/wp-content\/uploads\/2024\/06\/Affiche-ensemble-rock-2024-724x1024.png\" alt=\"\" class=\"wp-image-2443\" srcset=\"https:\/\/amc77.org\/wp-content\/uploads\/2024\/06\/Affiche-ensemble-rock-2024-724x1024.png 724w, https:\/\/amc77.org\/wp-content\/uploads\/2024\/06\/Affiche-ensemble-rock-2024-212x300.png 212w, https:\/\/amc77.org\/wp-content\/uploads\/2024\/06\/Affiche-ensemble-rock-2024.png 744w\" sizes=\"auto, (max-width: 724px) 85vw, 724px\" \/><\/figure>\n<\/div>","protected":false},"excerpt":{"rendered":"<p>A destination des musiciens ayant au minimum 2 ann\u00e9es de pratique. Le but \u00e9tant de jouer en groupe sur un r\u00e9pertoire binaire, d\u00e9velopper sa pratique collective, d&rsquo;approfondir ses connaissances musicales et le vocabulaire propre \u00e0 la musique vis\u00e9e (construction autour d&rsquo;un pattern de batterie, d&rsquo;un riff de guitare, d&rsquo;une ligne de basse &#8230;.. etc) tout &hellip; <a href=\"https:\/\/amc77.org\/index.php\/ensemble-rock\/\" class=\"more-link\">Continuer la lecture<span class=\"screen-reader-text\"> de &laquo;&nbsp;Ensemble Rock&nbsp;&raquo;<\/span><\/a><\/p>\n","protected":false},"author":2,"featured_media":1683,"parent":0,"menu_order":0,"comment_status":"closed","ping_status":"closed","template":"","meta":{"footnotes":""},"class_list":["post-1653","page","type-page","status-publish","has-post-thumbnail","hentry"],"_links":{"self":[{"href":"https:\/\/amc77.org\/index.php\/wp-json\/wp\/v2\/pages\/1653","targetHints":{"allow":["GET"]}}],"collection":[{"href":"https:\/\/amc77.org\/index.php\/wp-json\/wp\/v2\/pages"}],"about":[{"href":"https:\/\/amc77.org\/index.php\/wp-json\/wp\/v2\/types\/page"}],"author":[{"embeddable":true,"href":"https:\/\/amc77.org\/index.php\/wp-json\/wp\/v2\/users\/2"}],"replies":[{"embeddable":true,"href":"https:\/\/amc77.org\/index.php\/wp-json\/wp\/v2\/comments?post=1653"}],"version-history":[{"count":11,"href":"https:\/\/amc77.org\/index.php\/wp-json\/wp\/v2\/pages\/1653\/revisions"}],"predecessor-version":[{"id":2444,"href":"https:\/\/amc77.org\/index.php\/wp-json\/wp\/v2\/pages\/1653\/revisions\/2444"}],"wp:featuredmedia":[{"embeddable":true,"href":"https:\/\/amc77.org\/index.php\/wp-json\/wp\/v2\/media\/1683"}],"wp:attachment":[{"href":"https:\/\/amc77.org\/index.php\/wp-json\/wp\/v2\/media?parent=1653"}],"curies":[{"name":"wp","href":"https:\/\/api.w.org\/{rel}","templated":true}]}}