{"id":167,"date":"2018-06-23T19:03:23","date_gmt":"2018-06-23T17:03:23","guid":{"rendered":"http:\/\/amc77.org\/?page_id=167"},"modified":"2020-06-12T14:28:02","modified_gmt":"2020-06-12T12:28:02","slug":"barbara-felettig-guitare-basse","status":"publish","type":"page","link":"https:\/\/amc77.org\/index.php\/barbara-felettig-guitare-basse\/","title":{"rendered":"Barbara FELETTIG, guitare basse"},"content":{"rendered":"\n<h2 class=\"has-text-align-center has-medium-font-size wp-block-heading\"><strong>Barbara Felettig, guitare basse<\/strong><\/h2>\n\n\n\n<p>Barbara commence la musique avec la fl\u00fbte \u00e0 bec puis se tourne vers les musiques actuelles avec l&rsquo;apprentissage de la guitare et de la guitare basse, son instrument de pr\u00e9dilection depuis lors. Gr\u00e2ce \u00e0 sa formation musicale et ses diff\u00e9rentes prestations sc\u00e9niques dans des groupes aux styles \u00e9clectiques, elle s&rsquo;est forg\u00e9e une solide exp\u00e9rience.<\/p>\n","protected":false},"excerpt":{"rendered":"<p>Barbara Felettig, guitare basse Barbara commence la musique avec la fl\u00fbte \u00e0 bec puis se tourne vers les musiques actuelles avec l&rsquo;apprentissage de la guitare et de la guitare basse, son instrument de pr\u00e9dilection depuis lors. Gr\u00e2ce \u00e0 sa formation musicale et ses diff\u00e9rentes prestations sc\u00e9niques dans des groupes aux styles \u00e9clectiques, elle s&rsquo;est forg\u00e9e &hellip; <a href=\"https:\/\/amc77.org\/index.php\/barbara-felettig-guitare-basse\/\" class=\"more-link\">Continuer la lecture<span class=\"screen-reader-text\"> de &laquo;&nbsp;Barbara FELETTIG, guitare basse&nbsp;&raquo;<\/span><\/a><\/p>\n","protected":false},"author":1,"featured_media":419,"parent":0,"menu_order":0,"comment_status":"closed","ping_status":"closed","template":"","meta":{"footnotes":""},"class_list":["post-167","page","type-page","status-publish","has-post-thumbnail","hentry"],"_links":{"self":[{"href":"https:\/\/amc77.org\/index.php\/wp-json\/wp\/v2\/pages\/167","targetHints":{"allow":["GET"]}}],"collection":[{"href":"https:\/\/amc77.org\/index.php\/wp-json\/wp\/v2\/pages"}],"about":[{"href":"https:\/\/amc77.org\/index.php\/wp-json\/wp\/v2\/types\/page"}],"author":[{"embeddable":true,"href":"https:\/\/amc77.org\/index.php\/wp-json\/wp\/v2\/users\/1"}],"replies":[{"embeddable":true,"href":"https:\/\/amc77.org\/index.php\/wp-json\/wp\/v2\/comments?post=167"}],"version-history":[{"count":6,"href":"https:\/\/amc77.org\/index.php\/wp-json\/wp\/v2\/pages\/167\/revisions"}],"predecessor-version":[{"id":1535,"href":"https:\/\/amc77.org\/index.php\/wp-json\/wp\/v2\/pages\/167\/revisions\/1535"}],"wp:featuredmedia":[{"embeddable":true,"href":"https:\/\/amc77.org\/index.php\/wp-json\/wp\/v2\/media\/419"}],"wp:attachment":[{"href":"https:\/\/amc77.org\/index.php\/wp-json\/wp\/v2\/media?parent=167"}],"curies":[{"name":"wp","href":"https:\/\/api.w.org\/{rel}","templated":true}]}}