{"id":177,"date":"2018-06-23T19:08:20","date_gmt":"2018-06-23T17:08:20","guid":{"rendered":"http:\/\/amc77.org\/?page_id=177"},"modified":"2022-12-14T14:06:57","modified_gmt":"2022-12-14T13:06:57","slug":"johan-dousedan-piano-jazz","status":"publish","type":"page","link":"https:\/\/amc77.org\/index.php\/johan-dousedan-piano-jazz\/","title":{"rendered":"Johan DOUSEDAN, piano jazz"},"content":{"rendered":"\n<h2 class=\"wp-block-heading has-text-align-center has-medium-font-size\">Johan DOUSEDAN, piano jazz et coordinateur p\u00e9dagogique<\/h2>\n\n\n<p>Piano-jazz : sur une base de quelques ann\u00e9es acquises en piano, l\u2019\u00e9l\u00e8ve travaille sur le r\u00e9pertoire jazz, avec mise en place rythmique, harmonisation (d\u00e9couverte des accords) et improvisation d\u00e9velopp\u00e9e.<\/p>\n<p>Atelier Jazz ados : objectif premier, apprendre \u00e0 jouer ensemble. En s\u2019\u00e9coutant, en accompagnant les autres, et en travaillant sur l\u2019improvisation. Choix du r\u00e9pertoire en concertation avec les \u00e9l\u00e8ves.<\/p>\n<p>Ensemble orchestral : l\u2019ensemble, compos\u00e9 de fl\u00fbtes, clarinettes, trompettes, guitares, piano et synth\u00e9tiseur, joue sur partitions arrang\u00e9es sp\u00e9cialement pour cet orchestre, dans un programme tr\u00e8s \u00e9clectique, allant de Mozart \u00e0 Michael Jackson.<\/p>","protected":false},"excerpt":{"rendered":"<p>Johan DOUSEDAN, piano jazz et coordinateur p\u00e9dagogique Piano-jazz : sur une base de quelques ann\u00e9es acquises en piano, l\u2019\u00e9l\u00e8ve travaille sur le r\u00e9pertoire jazz, avec mise en place rythmique, harmonisation (d\u00e9couverte des accords) et improvisation d\u00e9velopp\u00e9e. Atelier Jazz ados : objectif premier, apprendre \u00e0 jouer ensemble. En s\u2019\u00e9coutant, en accompagnant les autres, et en travaillant &hellip; <a href=\"https:\/\/amc77.org\/index.php\/johan-dousedan-piano-jazz\/\" class=\"more-link\">Continuer la lecture<span class=\"screen-reader-text\"> de &laquo;&nbsp;Johan DOUSEDAN, piano jazz&nbsp;&raquo;<\/span><\/a><\/p>\n","protected":false},"author":1,"featured_media":426,"parent":0,"menu_order":0,"comment_status":"closed","ping_status":"closed","template":"","meta":{"footnotes":""},"class_list":["post-177","page","type-page","status-publish","has-post-thumbnail","hentry"],"_links":{"self":[{"href":"https:\/\/amc77.org\/index.php\/wp-json\/wp\/v2\/pages\/177","targetHints":{"allow":["GET"]}}],"collection":[{"href":"https:\/\/amc77.org\/index.php\/wp-json\/wp\/v2\/pages"}],"about":[{"href":"https:\/\/amc77.org\/index.php\/wp-json\/wp\/v2\/types\/page"}],"author":[{"embeddable":true,"href":"https:\/\/amc77.org\/index.php\/wp-json\/wp\/v2\/users\/1"}],"replies":[{"embeddable":true,"href":"https:\/\/amc77.org\/index.php\/wp-json\/wp\/v2\/comments?post=177"}],"version-history":[{"count":8,"href":"https:\/\/amc77.org\/index.php\/wp-json\/wp\/v2\/pages\/177\/revisions"}],"predecessor-version":[{"id":2087,"href":"https:\/\/amc77.org\/index.php\/wp-json\/wp\/v2\/pages\/177\/revisions\/2087"}],"wp:featuredmedia":[{"embeddable":true,"href":"https:\/\/amc77.org\/index.php\/wp-json\/wp\/v2\/media\/426"}],"wp:attachment":[{"href":"https:\/\/amc77.org\/index.php\/wp-json\/wp\/v2\/media?parent=177"}],"curies":[{"name":"wp","href":"https:\/\/api.w.org\/{rel}","templated":true}]}}