{"id":181,"date":"2018-06-23T19:09:26","date_gmt":"2018-06-23T17:09:26","guid":{"rendered":"http:\/\/amc77.org\/?page_id=181"},"modified":"2024-04-02T15:44:31","modified_gmt":"2024-04-02T13:44:31","slug":"fabien-galvier-trompette","status":"publish","type":"page","link":"https:\/\/amc77.org\/index.php\/fabien-galvier-trompette\/","title":{"rendered":"J\u00e9r\u00f4me LEFIER, trompette"},"content":{"rendered":"\n<h2 class=\"wp-block-heading has-text-align-center has-medium-font-size\"><strong>J\u00e9r\u00f4me LEFIER, Trompette<\/strong><\/h2>\n\n\n\n<p>Ne lui demandez pas s\u2019il pr\u00e9f\u00e8re Louis \u00e0 Dizzy, Chet \u00e0 Miles\u2026 il les aime tous ! Passionn\u00e9 par le jazz en g\u00e9n\u00e9ral et la trompette en particulier, J\u00e9r\u00f4me officie dans de nombreux collectifs tels que Smokin\u2019fuzz (soulsteady), M\u00e9nilmontant (jazz manouche) et Stronalama.<\/p>\n","protected":false},"excerpt":{"rendered":"<p>J\u00e9r\u00f4me LEFIER, Trompette Ne lui demandez pas s\u2019il pr\u00e9f\u00e8re Louis \u00e0 Dizzy, Chet \u00e0 Miles\u2026 il les aime tous ! Passionn\u00e9 par le jazz en g\u00e9n\u00e9ral et la trompette en particulier, J\u00e9r\u00f4me officie dans de nombreux collectifs tels que Smokin\u2019fuzz (soulsteady), M\u00e9nilmontant (jazz manouche) et Stronalama.<\/p>\n","protected":false},"author":1,"featured_media":2347,"parent":0,"menu_order":0,"comment_status":"closed","ping_status":"closed","template":"","meta":{"footnotes":""},"class_list":["post-181","page","type-page","status-publish","has-post-thumbnail","hentry"],"_links":{"self":[{"href":"https:\/\/amc77.org\/index.php\/wp-json\/wp\/v2\/pages\/181","targetHints":{"allow":["GET"]}}],"collection":[{"href":"https:\/\/amc77.org\/index.php\/wp-json\/wp\/v2\/pages"}],"about":[{"href":"https:\/\/amc77.org\/index.php\/wp-json\/wp\/v2\/types\/page"}],"author":[{"embeddable":true,"href":"https:\/\/amc77.org\/index.php\/wp-json\/wp\/v2\/users\/1"}],"replies":[{"embeddable":true,"href":"https:\/\/amc77.org\/index.php\/wp-json\/wp\/v2\/comments?post=181"}],"version-history":[{"count":18,"href":"https:\/\/amc77.org\/index.php\/wp-json\/wp\/v2\/pages\/181\/revisions"}],"predecessor-version":[{"id":2344,"href":"https:\/\/amc77.org\/index.php\/wp-json\/wp\/v2\/pages\/181\/revisions\/2344"}],"wp:featuredmedia":[{"embeddable":true,"href":"https:\/\/amc77.org\/index.php\/wp-json\/wp\/v2\/media\/2347"}],"wp:attachment":[{"href":"https:\/\/amc77.org\/index.php\/wp-json\/wp\/v2\/media?parent=181"}],"curies":[{"name":"wp","href":"https:\/\/api.w.org\/{rel}","templated":true}]}}