{"id":183,"date":"2018-06-23T19:10:30","date_gmt":"2018-06-23T17:10:30","guid":{"rendered":"http:\/\/amc77.org\/?page_id=183"},"modified":"2020-06-12T14:40:45","modified_gmt":"2020-06-12T12:40:45","slug":"gosia-goldman-violon","status":"publish","type":"page","link":"https:\/\/amc77.org\/index.php\/gosia-goldman-violon\/","title":{"rendered":"Gosia GOLDMAN, violon"},"content":{"rendered":"\n<h2 class=\"has-text-align-center has-medium-font-size wp-block-heading\">Gosia GOLDMAN, violon<\/h2>\n\n\n<p>Mon nom : Goldman<\/p>\n<p>Mon pr\u00e9nom : Malgorzata (Mawgojata)&#8230; bah oui ! Pas facile \u00e0 prononcer&#8230; C&rsquo;est pour \u00e7a que tout le monde m&rsquo;appelle Gosia (Gocha). C&rsquo;est le diminutif de mon pr\u00e9nom polonais.<\/p>\n<p>Je suis n\u00e9e \u00e0 Lublin en Pologne. C&rsquo;est l\u00e0-bas que j&rsquo;ai fait mes \u00e9tudes musicales : violon, piano, orgue, direction d&rsquo;orchestre, etc. Et musicologie. Avec mon dipl\u00f4me de violoniste, j&rsquo;ai commenc\u00e9 \u00e0 jouer dans l&rsquo;orchestre d&rsquo;\u00e9tat et \u00e0 enseigner comme professeur titulaire au conservatoire. Mon master de musicologie, sp\u00e9cialit\u00e9 ethnomusicologie, m&rsquo;a permis de travailler comme chercheuse \u00e0 l&rsquo;universit\u00e9.<\/p>\n<p>J&rsquo;avais 28 ans quand le destin m&rsquo;a amen\u00e9e \u00e0 Paris. J&rsquo;ai commenc\u00e9 \u00e0 enseigner le violon \u00e0 l&rsquo;\u00c9cole Normale de Paris en 1985 et j&rsquo;y travaille toujours. J&rsquo;ai jou\u00e9 dans l&rsquo;Ensemble Orchestral d&rsquo;Ile-de-France et dans des formations de musique de chambre. J&rsquo;ai obtenu le Dipl\u00f4me d&rsquo;\u00c9tat de professeur de violon.<\/p>\n<p>J&rsquo;enseigne le violon aux Avonnais, petits et grands, au sein d&rsquo;AMC depuis 1990.<\/p>\n<p><\/p>\n\n\n<p><\/p>\n","protected":false},"excerpt":{"rendered":"<p>Gosia GOLDMAN, violon Mon nom : Goldman Mon pr\u00e9nom : Malgorzata (Mawgojata)&#8230; bah oui ! Pas facile \u00e0 prononcer&#8230; C&rsquo;est pour \u00e7a que tout le monde m&rsquo;appelle Gosia (Gocha). C&rsquo;est le diminutif de mon pr\u00e9nom polonais. Je suis n\u00e9e \u00e0 Lublin en Pologne. C&rsquo;est l\u00e0-bas que j&rsquo;ai fait mes \u00e9tudes musicales : violon, piano, orgue, &hellip; <a href=\"https:\/\/amc77.org\/index.php\/gosia-goldman-violon\/\" class=\"more-link\">Continuer la lecture<span class=\"screen-reader-text\"> de &laquo;&nbsp;Gosia GOLDMAN, violon&nbsp;&raquo;<\/span><\/a><\/p>\n","protected":false},"author":1,"featured_media":1552,"parent":0,"menu_order":0,"comment_status":"closed","ping_status":"closed","template":"","meta":{"footnotes":""},"class_list":["post-183","page","type-page","status-publish","has-post-thumbnail","hentry"],"_links":{"self":[{"href":"https:\/\/amc77.org\/index.php\/wp-json\/wp\/v2\/pages\/183","targetHints":{"allow":["GET"]}}],"collection":[{"href":"https:\/\/amc77.org\/index.php\/wp-json\/wp\/v2\/pages"}],"about":[{"href":"https:\/\/amc77.org\/index.php\/wp-json\/wp\/v2\/types\/page"}],"author":[{"embeddable":true,"href":"https:\/\/amc77.org\/index.php\/wp-json\/wp\/v2\/users\/1"}],"replies":[{"embeddable":true,"href":"https:\/\/amc77.org\/index.php\/wp-json\/wp\/v2\/comments?post=183"}],"version-history":[{"count":10,"href":"https:\/\/amc77.org\/index.php\/wp-json\/wp\/v2\/pages\/183\/revisions"}],"predecessor-version":[{"id":1543,"href":"https:\/\/amc77.org\/index.php\/wp-json\/wp\/v2\/pages\/183\/revisions\/1543"}],"wp:featuredmedia":[{"embeddable":true,"href":"https:\/\/amc77.org\/index.php\/wp-json\/wp\/v2\/media\/1552"}],"wp:attachment":[{"href":"https:\/\/amc77.org\/index.php\/wp-json\/wp\/v2\/media?parent=183"}],"curies":[{"name":"wp","href":"https:\/\/api.w.org\/{rel}","templated":true}]}}