{"id":220,"date":"2020-06-08T08:06:15","date_gmt":"2020-06-08T06:06:15","guid":{"rendered":"http:\/\/amc77.org\/?page_id=220"},"modified":"2024-06-26T13:38:14","modified_gmt":"2024-06-26T11:38:14","slug":"chant-chorale-et-fm","status":"publish","type":"page","link":"https:\/\/amc77.org\/index.php\/chant-chorale-et-fm\/","title":{"rendered":"Chorale Enfants (6 ans et +)"},"content":{"rendered":"\n<h1 class=\"wp-block-heading has-text-align-center has-huge-font-size\"><strong><em>Chorale Enfants (6 ans et +)<\/em><\/strong><\/h1>\n\n\n\n<p class=\"has-text-align-left\">Travail de la voix et de l&rsquo;oreille, \u00e9coute de soi et des autres, prise de conscience de sa voix et de l&rsquo;appareil respiratoire pour une meilleure utilisation.<\/p>\n\n\n\n<p>Choix du r\u00e9pertoire en fonction du niveau des enfants et de leurs affinit\u00e9s.<\/p>\n\n\n\n<p>S\u00e9ances dans la bonne humeur et le respect de tous.<\/p>\n\n\n\n<figure class=\"wp-block-audio\"><audio controls src=\"http:\/\/amc77.org\/wp-content\/uploads\/2022\/04\/20220326_182528_001.mp3\"><\/audio><figcaption class=\"wp-element-caption\"><strong>\u00ab\u00a0Quand la musique est bonne\u00a0\u00bb<\/strong><\/figcaption><\/figure>\n\n\n\n<p class=\"has-text-align-center\">accompagn\u00e9e par l&rsquo;ensemble Rock<\/p>\n\n\n\n<figure class=\"wp-block-audio\"><audio controls src=\"http:\/\/amc77.org\/wp-content\/uploads\/2022\/04\/20220326_183017_001.mp3\"><\/audio><figcaption class=\"wp-element-caption\"><strong>\u00ab\u00a0La Java s&rsquo;en va\u00a0\u00bb<\/strong><\/figcaption><\/figure>\n\n\n\n<p class=\"has-text-align-center\">Accompagn\u00e9e au piano<\/p>\n\n\n\n<figure class=\"wp-block-image size-large\"><img loading=\"lazy\" decoding=\"async\" width=\"724\" height=\"1024\" src=\"https:\/\/amc77.org\/wp-content\/uploads\/2024\/06\/Affiche-chorale-enfants2024-724x1024.png\" alt=\"\" class=\"wp-image-2441\" srcset=\"https:\/\/amc77.org\/wp-content\/uploads\/2024\/06\/Affiche-chorale-enfants2024-724x1024.png 724w, https:\/\/amc77.org\/wp-content\/uploads\/2024\/06\/Affiche-chorale-enfants2024-212x300.png 212w, https:\/\/amc77.org\/wp-content\/uploads\/2024\/06\/Affiche-chorale-enfants2024-768x1086.png 768w, https:\/\/amc77.org\/wp-content\/uploads\/2024\/06\/Affiche-chorale-enfants2024.png 794w\" sizes=\"auto, (max-width: 724px) 85vw, 724px\" \/><\/figure>\n","protected":false},"excerpt":{"rendered":"<p>Chorale Enfants (6 ans et +) Travail de la voix et de l&rsquo;oreille, \u00e9coute de soi et des autres, prise de conscience de sa voix et de l&rsquo;appareil respiratoire pour une meilleure utilisation. Choix du r\u00e9pertoire en fonction du niveau des enfants et de leurs affinit\u00e9s. S\u00e9ances dans la bonne humeur et le respect de &hellip; <a href=\"https:\/\/amc77.org\/index.php\/chant-chorale-et-fm\/\" class=\"more-link\">Continuer la lecture<span class=\"screen-reader-text\"> de &laquo;&nbsp;Chorale Enfants (6 ans et +)&nbsp;&raquo;<\/span><\/a><\/p>\n","protected":false},"author":1,"featured_media":1162,"parent":0,"menu_order":0,"comment_status":"closed","ping_status":"closed","template":"","meta":{"footnotes":""},"class_list":["post-220","page","type-page","status-publish","has-post-thumbnail","hentry"],"_links":{"self":[{"href":"https:\/\/amc77.org\/index.php\/wp-json\/wp\/v2\/pages\/220","targetHints":{"allow":["GET"]}}],"collection":[{"href":"https:\/\/amc77.org\/index.php\/wp-json\/wp\/v2\/pages"}],"about":[{"href":"https:\/\/amc77.org\/index.php\/wp-json\/wp\/v2\/types\/page"}],"author":[{"embeddable":true,"href":"https:\/\/amc77.org\/index.php\/wp-json\/wp\/v2\/users\/1"}],"replies":[{"embeddable":true,"href":"https:\/\/amc77.org\/index.php\/wp-json\/wp\/v2\/comments?post=220"}],"version-history":[{"count":32,"href":"https:\/\/amc77.org\/index.php\/wp-json\/wp\/v2\/pages\/220\/revisions"}],"predecessor-version":[{"id":2442,"href":"https:\/\/amc77.org\/index.php\/wp-json\/wp\/v2\/pages\/220\/revisions\/2442"}],"wp:featuredmedia":[{"embeddable":true,"href":"https:\/\/amc77.org\/index.php\/wp-json\/wp\/v2\/media\/1162"}],"wp:attachment":[{"href":"https:\/\/amc77.org\/index.php\/wp-json\/wp\/v2\/media?parent=220"}],"curies":[{"name":"wp","href":"https:\/\/api.w.org\/{rel}","templated":true}]}}