{"id":2627,"date":"2025-09-02T11:46:53","date_gmt":"2025-09-02T09:46:53","guid":{"rendered":"https:\/\/amc77.org\/?page_id=2627"},"modified":"2025-09-02T11:47:43","modified_gmt":"2025-09-02T09:47:43","slug":"chant-lyrique-jazz","status":"publish","type":"page","link":"https:\/\/amc77.org\/index.php\/chant-lyrique-jazz\/","title":{"rendered":"Chant Lyrique &#8211; Jazz"},"content":{"rendered":"\n<h3 class=\"wp-block-heading\">Le r\u00e9pertoire abord\u00e9&nbsp;<\/h3>\n\n\n\n<p>Le r\u00e9pertoire de base de cet atelier vocal anim\u00e9 par Cl\u00e9mentine Decouture, chanteuse professionnelle, est constitu\u00e9 de :<\/p>\n\n\n\n<p><strong>&#8211; Chants lyriques. D\u00e9couvrir une technique vocale sans micro \u00e0 travers du r\u00e9pertoire principalement fran\u00e7ais en lien avec l\u2019histoire du manoir de Bel \u00c9bat. Autour des m\u00e9lodies fran\u00e7aises avec Debussy, Ravel, Saint-Saens, et l\u2019art de l\u2019op\u00e9ra ainsi que la musique folklorique qui a inspir\u00e9 les grands compositeurs fran\u00e7ais et \u00e9trangers jusqu\u2019\u00e0 nos jours.<\/strong><\/p>\n\n\n\n<p><strong>&#8211; Standards du jazz&nbsp;<\/strong>et de ses formes usuelles (blues, etc ) interpr\u00e9t\u00e9s et popularis\u00e9s par des grand(e)s vocalistes&nbsp;<strong>(Chet Baker, Nathalie Cole, Kurt Elling, Ella Fitzgerald, Jon Hendricks, Abbey Lincoln, Sarah Vaughan, etc.).<\/strong>&nbsp;L\u2019objectif \u00e9tant de d\u00e9couvrir le style, et son \u00ab swing \u00bb.<\/p>\n\n\n\n<h3 class=\"wp-block-heading\">\u00c9l\u00e9ments \u00e9tudi\u00e9s<\/h3>\n\n\n\n<p>Y sont abord\u00e9s, sur plusieurs niveaux, en cursus ou en loisir, par un travail m\u00e9thodique et vari\u00e9, des \u00e9l\u00e9ments tels que\u2026<\/p>\n\n\n\n<ul class=\"wp-block-list\">\n<li>Les exercices de techniques de base ainsi que le travail d\u2019\u00e9chauffement ( seul ou \u00e0 plusieurs).<\/li>\n\n\n\n<li>L\u2019interpr\u00e9tation de m\u00e9lodies et le travail de parties \u00e9crites \u00e0 l\u2019unisson et \u00e0 plusieurs voix.<\/li>\n\n\n\n<li>L\u2019<strong>improvisation vocale<\/strong>&nbsp;(scat).<\/li>\n<\/ul>\n\n\n\n<p>L\u2019atelier est accompagn\u00e9 en partie au piano ou \u00e0 la harpe et p\u00e9riodiquement une section rythmique compl\u00e8te gr\u00e2ce aux ensembles propos\u00e9s \u00e0 l\u2019AMC (piano, basse et batterie).<\/p>\n","protected":false},"excerpt":{"rendered":"<p>Le r\u00e9pertoire abord\u00e9&nbsp; Le r\u00e9pertoire de base de cet atelier vocal anim\u00e9 par Cl\u00e9mentine Decouture, chanteuse professionnelle, est constitu\u00e9 de : &#8211; Chants lyriques. D\u00e9couvrir une technique vocale sans micro \u00e0 travers du r\u00e9pertoire principalement fran\u00e7ais en lien avec l\u2019histoire du manoir de Bel \u00c9bat. Autour des m\u00e9lodies fran\u00e7aises avec Debussy, Ravel, Saint-Saens, et l\u2019art &hellip; <a href=\"https:\/\/amc77.org\/index.php\/chant-lyrique-jazz\/\" class=\"more-link\">Continuer la lecture<span class=\"screen-reader-text\"> de &laquo;&nbsp;Chant Lyrique &#8211; Jazz&nbsp;&raquo;<\/span><\/a><\/p>\n","protected":false},"author":2,"featured_media":2630,"parent":0,"menu_order":0,"comment_status":"closed","ping_status":"closed","template":"","meta":{"footnotes":""},"class_list":["post-2627","page","type-page","status-publish","has-post-thumbnail","hentry"],"_links":{"self":[{"href":"https:\/\/amc77.org\/index.php\/wp-json\/wp\/v2\/pages\/2627","targetHints":{"allow":["GET"]}}],"collection":[{"href":"https:\/\/amc77.org\/index.php\/wp-json\/wp\/v2\/pages"}],"about":[{"href":"https:\/\/amc77.org\/index.php\/wp-json\/wp\/v2\/types\/page"}],"author":[{"embeddable":true,"href":"https:\/\/amc77.org\/index.php\/wp-json\/wp\/v2\/users\/2"}],"replies":[{"embeddable":true,"href":"https:\/\/amc77.org\/index.php\/wp-json\/wp\/v2\/comments?post=2627"}],"version-history":[{"count":5,"href":"https:\/\/amc77.org\/index.php\/wp-json\/wp\/v2\/pages\/2627\/revisions"}],"predecessor-version":[{"id":2735,"href":"https:\/\/amc77.org\/index.php\/wp-json\/wp\/v2\/pages\/2627\/revisions\/2735"}],"wp:featuredmedia":[{"embeddable":true,"href":"https:\/\/amc77.org\/index.php\/wp-json\/wp\/v2\/media\/2630"}],"wp:attachment":[{"href":"https:\/\/amc77.org\/index.php\/wp-json\/wp\/v2\/media?parent=2627"}],"curies":[{"name":"wp","href":"https:\/\/api.w.org\/{rel}","templated":true}]}}