{"id":2753,"date":"2025-09-03T09:35:55","date_gmt":"2025-09-03T07:35:55","guid":{"rendered":"https:\/\/amc77.org\/?page_id=2753"},"modified":"2025-10-01T12:15:37","modified_gmt":"2025-10-01T10:15:37","slug":"tetiana-kravchenko-piano","status":"publish","type":"page","link":"https:\/\/amc77.org\/index.php\/tetiana-kravchenko-piano\/","title":{"rendered":"Tetiana Kravchenko, piano"},"content":{"rendered":"\n<p class=\"has-small-font-size\">N\u00e9e le 14 juillet 1970, Tetiana Kravchenko est pianiste, accompagnatrice et p\u00e9dagogue. Elle enseigne actuellement au Conservatoire Municipal de Musique et de Danse Henri Charny du M\u00e9e-sur-Seine, ainsi qu\u2019\u00e0 l\u2019\u00c9cole de Musique d\u2019Avon.<br>Auparavant, elle a occup\u00e9 un poste de professeure de piano et de musique de chambre au Conservatoire National A.V. Nezhdanova d\u2019Odesa, en Ukraine. Elle y a \u00e9galement exerc\u00e9 comme accompagnatrice en classes de chant, d\u2019instruments \u00e0 vent et \u00e0 cordes, ainsi que comme pianiste de choeur.<br>Parall\u00e8lement \u00e0 son activit\u00e9 d\u2019enseignante, elle a \u00e9t\u00e9 pianiste soliste au sein de l\u2019Orchestre National Philharmonique et de l\u2019Orchestre de Chambre d\u2019Odesa, se produisant r\u00e9guli\u00e8rement dans le cadre de concerts symphoniques, de cycles vocaux et de formations chambristes.<br>Elle donne r\u00e9guli\u00e8rement des masterclasses dans des conservatoires en Ukraine, Roumanie, Moldavie, Pologne et en Serbie.<br>Elle est dipl\u00f4m\u00e9e de l\u2019\u00c9cole sp\u00e9ciale de musique P. Stoliarsky d\u2019Odesa (1988), puis du Conservatoire National A.V. Nezhdanova d\u2019Odesa, o\u00f9 elle obtient successivement la Licence, le Master et le Doctorat (Dipl\u00f4me d\u2019\u00c9tat et Certificat d\u2019Aptitude), dans la classe des professeurs V. Dashkovsky et E. Kovalenko.<br>En 2000\u20132001, elle effectue un stage de perfectionnement \u00e0 la Staatliche Hochschule f\u00fcr Musik de Freiburg (Allemagne), o\u00f9 elle \u00e9tudie le piano, l\u2019accompagnement, la musique de chambre et la musique contemporaine aupr\u00e8s de James Avery, Michael Leuschner, Christoph Henkel et Michael Goritzi.<br>Elle a \u00e9galement suivi plusieurs masterclasses internationales : avec G. Fedorenko et A. Bonduriansky en musique de chambre (Nijni Novgorod et Moscou, Russie, 1992), O. Malov (Saint-P\u00e9tersbourg, 1994), ainsi que Pierre-Laurent Aimard pour le piano contemporain, dans le cadre du Centre ACANTHE \u00e0 Avignon (France, 1997).<br>Elle est laur\u00e9ate de plusieurs concours internationaux de musique de chambre, notamment le Concours Beethoven (Odesa, 1990), le VI\u1d49 Concours International de Musique de Chambre de Tokyo (Japon, 1992), o\u00f9 elle re\u00e7oit une mention sp\u00e9ciale pour son interpr\u00e9tation du Quatuor pour la fin du Temps d\u2019Olivier Messiaen, ainsi que le 2\u1d49 Prix au Concours International de Musique de Chambre de Casale Monferrato (Italie, 1996).<br>Elle se produit aux c\u00f4t\u00e9s de nombreux artistes de renom de la sc\u00e8ne lyrique internationale, parmi lesquels des chanteurs tels que Alexander Tsymbalyuk et Ludmila Monastyrska, et accompagne r\u00e9guli\u00e8rement des instrumentistes \u00e0 vent (clarinette, saxophone, hautbois, fl\u00fbte, tuba, basson) ainsi que des cordes (violon, alto, violoncelle, contrebasse).<br>Elle joue \u00e9galement avec des interpr\u00e8tes de renom, parmi lesquels Pawe\u0142 Gusnar, Igor Fedorov, ou encore James Avery, dans le cadre de projets internationaux autour de la<br>musique contemporaine, de la musique de chambre et du r\u00e9pertoire pour instruments \u00e0 vent.<br>Pendant son court s\u00e9jour en France, elle a collabor\u00e9 avec de grandes marques telles que Buffet Crampon et Vandoren pour des enregistrements de clarinette et piano. Elle a \u00e9galement donn\u00e9 des concerts au Conservatoire Rachmaninoff, au showroom de Buffet Crampon, ainsi qu\u2019au mus\u00e9e Henner.<br>Sa passion pour la musique contemporaine s\u2019exprime \u00e0 travers de nombreux r\u00e9citals et programmes de musique de chambre, en Ukraine comme \u00e0 l\u2019\u00e9tranger. Elle a notamment collabor\u00e9 avec des ensembles tels que \u00ab Frescos \u00bb (1991-1998), les Percussions de Freiburg-en-Brisgau, \u00ab Harmonies du Monde \u00bb ainsi que l\u2019Ensemble de la s\u00e9rie de concerts \u00ab Perspectives \u00bb (Heilbronn, Allemagne, 1993). Parmi ses projets remarquables, on compte une collaboration avec l\u2019Institut fran\u00e7ais d\u2019Ukraine pour la cr\u00e9ation de Treize couleurs du soleil couchant de Tristan Murail (Ky\u00efv, 1993). Elle a \u00e9galement particip\u00e9 au Festival de musique ukrainienne \u00e0 Varsovie (Pologne, 1997), au festival \u00ab Meta-Art \u00bb (Ky\u00efv, 1997) et \u00e0 la \u00ab Wandering Academy of Music \u00bb \u00e0 Odesa (Ukraine, 1997-2000).<br>La musique fran\u00e7aise occupe une place importante dans sa carri\u00e8re. Elle a notamment particip\u00e9 \u00e0 un cycle de concerts de musique fran\u00e7aise \u00e0 Ky\u00efv et Odesa (Ukraine) entre 1995 et 2004, ainsi qu\u2019au projet \u00ab Les nuits pianistiques \u00bb, en collaboration avec l\u2019Alliance fran\u00e7aise. En 2012, elle a interpr\u00e9t\u00e9 la Ballade de Gabriel Faur\u00e9 avec l\u2019orchestre philharmonique d\u2019Odesa, sous la direction de Didier Talpain. Elle donne \u00e9galement des r\u00e9citals consacr\u00e9s \u00e0 la musique d\u2019Olivier Messiaen, Jean-Roger-Ducasse, Darius Milhaud, Gabriel Faur\u00e9, Eug\u00e8ne Bozza, Claude Debussy, Maurice Ravel, \u00c9ric Satie, entre autres.<br>Parmi ses nombreuses participations, on compte les festivals \u00ab Two Days &amp; Nights of New Music \u00bb (Odesa, Ukraine, 1995-2024), \u00ab Kyiv-Musicfest \u00bb (Ukraine, 1993-2008), \u00ab Days of New Music \u00bb (Chi\u0219in\u0103u, Moldavie, 1993-2001), \u00ab Europe-Asie \u00bb (Tatarstan, 1993) et \u00ab Sound Ways \u00bb (Saint-P\u00e9tersbourg, Russie, 1994).<br>Elle est \u00e9galement interpr\u00e8te et directrice artistique de spectacles musicaux, notamment avec l\u2019ensemble KVINTANGO Orquesta.<br>Elle collabore avec de nombreux compositeurs contemporains majeurs, tels que K. Tsepkolenko, V. Runchak, J. Gomelskaya, S. Azarova, M. Bronner, E. Podgaits, H. Khoury, A. Ciesla, N. Taylor, N. Bacri, V. Germanavi\u010dius, et Y. Povolotzky. Plusieurs de ses contemporains lui ont d\u00e9di\u00e9 leurs oeuvres. Elle a \u00e9galement jou\u00e9 sous la direction de nombreux chefs d\u2019orchestre, notamment M. Pletnev, I. Shavruk, Bernhard Wulff, D. Talpain, P. Tovstukha, A. Vlasenko, V. Sirenko, Vladimir Runchak, H. Borowich, N. Ponomarchuk, et H. Erl.<br>Interpr\u00e8te de nombreux enregistrements radiophoniques et t\u00e9l\u00e9visuels, elle est membre de l\u2019Association New Music, section ukrainienne de l\u2019ISCM. Membre de jurys de nombreux concours internationaux en Ukraine et \u00e0 l\u2019\u00e9tranger, elle a form\u00e9 plusieurs g\u00e9n\u00e9rations d\u2019interpr\u00e8tes ukrainiens qui se produisent aujourd\u2019hui dans des orchestres ou exercent comme enseignants.<br>Tetiana est \u00e9galement \u00e0 l\u2019initiative de nombreux projets culturels, tels que \u00ab New Classic \u00bb, en partenariat avec la Pologne, l\u2019Italie, la France, la Gr\u00e8ce, Isra\u00ebl et les \u00c9tats-U<\/p>\n","protected":false},"excerpt":{"rendered":"<p>N\u00e9e le 14 juillet 1970, Tetiana Kravchenko est pianiste, accompagnatrice et p\u00e9dagogue. Elle enseigne actuellement au Conservatoire Municipal de Musique et de Danse Henri Charny du M\u00e9e-sur-Seine, ainsi qu\u2019\u00e0 l\u2019\u00c9cole de Musique d\u2019Avon.Auparavant, elle a occup\u00e9 un poste de professeure de piano et de musique de chambre au Conservatoire National A.V. Nezhdanova d\u2019Odesa, en Ukraine. &hellip; <a href=\"https:\/\/amc77.org\/index.php\/tetiana-kravchenko-piano\/\" class=\"more-link\">Continuer la lecture<span class=\"screen-reader-text\"> de &laquo;&nbsp;Tetiana Kravchenko, piano&nbsp;&raquo;<\/span><\/a><\/p>\n","protected":false},"author":2,"featured_media":2774,"parent":0,"menu_order":0,"comment_status":"closed","ping_status":"closed","template":"","meta":{"footnotes":""},"class_list":["post-2753","page","type-page","status-publish","has-post-thumbnail","hentry"],"_links":{"self":[{"href":"https:\/\/amc77.org\/index.php\/wp-json\/wp\/v2\/pages\/2753","targetHints":{"allow":["GET"]}}],"collection":[{"href":"https:\/\/amc77.org\/index.php\/wp-json\/wp\/v2\/pages"}],"about":[{"href":"https:\/\/amc77.org\/index.php\/wp-json\/wp\/v2\/types\/page"}],"author":[{"embeddable":true,"href":"https:\/\/amc77.org\/index.php\/wp-json\/wp\/v2\/users\/2"}],"replies":[{"embeddable":true,"href":"https:\/\/amc77.org\/index.php\/wp-json\/wp\/v2\/comments?post=2753"}],"version-history":[{"count":3,"href":"https:\/\/amc77.org\/index.php\/wp-json\/wp\/v2\/pages\/2753\/revisions"}],"predecessor-version":[{"id":2761,"href":"https:\/\/amc77.org\/index.php\/wp-json\/wp\/v2\/pages\/2753\/revisions\/2761"}],"wp:featuredmedia":[{"embeddable":true,"href":"https:\/\/amc77.org\/index.php\/wp-json\/wp\/v2\/media\/2774"}],"wp:attachment":[{"href":"https:\/\/amc77.org\/index.php\/wp-json\/wp\/v2\/media?parent=2753"}],"curies":[{"name":"wp","href":"https:\/\/api.w.org\/{rel}","templated":true}]}}