{"id":29,"date":"2018-06-16T19:17:55","date_gmt":"2018-06-16T17:17:55","guid":{"rendered":"http:\/\/amc77.org\/?page_id=29"},"modified":"2024-04-08T15:22:03","modified_gmt":"2024-04-08T13:22:03","slug":"association","status":"publish","type":"page","link":"https:\/\/amc77.org\/index.php\/association\/","title":{"rendered":"L&rsquo;Association"},"content":{"rendered":"<div class=\"pt-cv-wrapper\"><div class=\"pt-cv-view pt-cv-grid pt-cv-colsys\" id=\"pt-cv-view-f297fb41av\"><div data-id=\"pt-cv-page-1\" class=\"pt-cv-page\" data-cvc=\"5\"><div class=\"col-md-2 col-sm-6 col-xs-12 pt-cv-content-item pt-cv-1-col\" ><div class='pt-cv-ifield'><a href=\"https:\/\/amc77.org\/index.php\/album\/\" class=\"_self pt-cv-href-thumbnail pt-cv-thumb-default\" target=\"_self\" ><img loading=\"lazy\" decoding=\"async\" width=\"150\" height=\"150\" src=\"https:\/\/amc77.org\/wp-content\/uploads\/2020\/06\/iconmonstr-photo-camera-10-240-2-150x150.png\" class=\"pt-cv-thumbnail\" alt=\"\" srcset=\"https:\/\/amc77.org\/wp-content\/uploads\/2020\/06\/iconmonstr-photo-camera-10-240-2-150x150.png 150w, https:\/\/amc77.org\/wp-content\/uploads\/2020\/06\/iconmonstr-photo-camera-10-240-2.png 240w\" sizes=\"auto, (max-width: 150px) 85vw, 150px\" \/><\/a>\n<h5 class=\"pt-cv-title\"><a href=\"https:\/\/amc77.org\/index.php\/album\/\" class=\"_self\" target=\"_self\" >Albums<\/a><\/h5><\/div><\/div>\n<div class=\"col-md-2 col-sm-6 col-xs-12 pt-cv-content-item pt-cv-1-col\" ><div class='pt-cv-ifield'><a href=\"https:\/\/amc77.org\/index.php\/ca-bureau\/\" class=\"_self pt-cv-href-thumbnail pt-cv-thumb-default\" target=\"_self\" ><img loading=\"lazy\" decoding=\"async\" width=\"150\" height=\"150\" src=\"https:\/\/amc77.org\/wp-content\/uploads\/2020\/06\/iconmonstr-flip-chart-8-240-1-150x150.png\" class=\"pt-cv-thumbnail\" alt=\"\" srcset=\"https:\/\/amc77.org\/wp-content\/uploads\/2020\/06\/iconmonstr-flip-chart-8-240-1-150x150.png 150w, https:\/\/amc77.org\/wp-content\/uploads\/2020\/06\/iconmonstr-flip-chart-8-240-1.png 240w\" sizes=\"auto, (max-width: 150px) 85vw, 150px\" \/><\/a>\n<h5 class=\"pt-cv-title\"><a href=\"https:\/\/amc77.org\/index.php\/ca-bureau\/\" class=\"_self\" target=\"_self\" >CA &#038; Bureau<\/a><\/h5><\/div><\/div>\n<div class=\"col-md-2 col-sm-6 col-xs-12 pt-cv-content-item pt-cv-1-col\" ><div class='pt-cv-ifield'><a href=\"https:\/\/amc77.org\/index.php\/projet-decole\/\" class=\"_self pt-cv-href-thumbnail pt-cv-thumb-default\" target=\"_self\" ><img loading=\"lazy\" decoding=\"async\" width=\"150\" height=\"150\" src=\"https:\/\/amc77.org\/wp-content\/uploads\/2020\/06\/iconmonstr-calendar-6-240-1-150x150.png\" class=\"pt-cv-thumbnail\" alt=\"\" srcset=\"https:\/\/amc77.org\/wp-content\/uploads\/2020\/06\/iconmonstr-calendar-6-240-1-150x150.png 150w, https:\/\/amc77.org\/wp-content\/uploads\/2020\/06\/iconmonstr-calendar-6-240-1.png 240w\" sizes=\"auto, (max-width: 150px) 85vw, 150px\" \/><\/a>\n<h5 class=\"pt-cv-title\"><a href=\"https:\/\/amc77.org\/index.php\/projet-decole\/\" class=\"_self\" target=\"_self\" >Le projet d&rsquo;\u00e9cole 2019-2022<\/a><\/h5><\/div><\/div>\n<div class=\"col-md-2 col-sm-6 col-xs-12 pt-cv-content-item pt-cv-1-col\" ><div class='pt-cv-ifield'><a href=\"https:\/\/amc77.org\/index.php\/nos-partenaires-2\/\" class=\"_self pt-cv-href-thumbnail pt-cv-thumb-default\" target=\"_self\" ><img loading=\"lazy\" decoding=\"async\" width=\"150\" height=\"150\" src=\"https:\/\/amc77.org\/wp-content\/uploads\/2020\/06\/iconmonstr-handshake-9-240-150x150.png\" class=\"pt-cv-thumbnail\" alt=\"\" srcset=\"https:\/\/amc77.org\/wp-content\/uploads\/2020\/06\/iconmonstr-handshake-9-240-150x150.png 150w, https:\/\/amc77.org\/wp-content\/uploads\/2020\/06\/iconmonstr-handshake-9-240.png 240w\" sizes=\"auto, (max-width: 150px) 85vw, 150px\" \/><\/a>\n<h5 class=\"pt-cv-title\"><a href=\"https:\/\/amc77.org\/index.php\/nos-partenaires-2\/\" class=\"_self\" target=\"_self\" >Nos partenaires<\/a><\/h5><\/div><\/div>\n<div class=\"col-md-4 col-sm-6 col-xs-12 pt-cv-content-item pt-cv-1-col\" ><div class='pt-cv-ifield'><a href=\"https:\/\/amc77.org\/index.php\/reglement-interieur\/\" class=\"_self pt-cv-href-thumbnail pt-cv-thumb-default\" target=\"_self\" ><img loading=\"lazy\" decoding=\"async\" width=\"150\" height=\"150\" src=\"https:\/\/amc77.org\/wp-content\/uploads\/2020\/06\/iconmonstr-process-2-240-150x150.png\" class=\"pt-cv-thumbnail\" alt=\"\" srcset=\"https:\/\/amc77.org\/wp-content\/uploads\/2020\/06\/iconmonstr-process-2-240-150x150.png 150w, https:\/\/amc77.org\/wp-content\/uploads\/2020\/06\/iconmonstr-process-2-240.png 240w\" sizes=\"auto, (max-width: 150px) 85vw, 150px\" \/><\/a>\n<h5 class=\"pt-cv-title\"><a href=\"https:\/\/amc77.org\/index.php\/reglement-interieur\/\" class=\"_self\" target=\"_self\" >Statuts et R\u00e8glement int\u00e9rieur<\/a><\/h5><\/div><\/div><\/div><\/div><\/div>\n\n\n\n<p><strong>Avon Musique et Culture (AMC) <\/strong>est une association loi 1901 g\u00e9r\u00e9e et anim\u00e9e par des adh\u00e9rents b\u00e9n\u00e9voles \u00e9lus aux assembl\u00e9es g\u00e9n\u00e9rales.<\/p>\n\n\n\n<p>L&rsquo;Association a pour but :<\/p>\n\n\n\n<ul class=\"wp-block-list\">\n<li>d&rsquo;assurer la gestion p\u00e9dagogique, mat\u00e9rielle et financi\u00e8re de l&rsquo;\u00e9cole de Musique d&rsquo;Avon<\/li>\n\n\n\n<li>de promouvoir et d\u00e9velopper la culture musicale<\/li>\n\n\n\n<li>de faire conna\u00eetre et faire vivre, par tous les moyens, le patrimoine culturel de la Commune<\/li>\n<\/ul>\n\n\n\n<p><\/p>\n","protected":false},"excerpt":{"rendered":"<p>Avon Musique et Culture (AMC) est une association loi 1901 g\u00e9r\u00e9e et anim\u00e9e par des adh\u00e9rents b\u00e9n\u00e9voles \u00e9lus aux assembl\u00e9es g\u00e9n\u00e9rales. L&rsquo;Association a pour but :<\/p>\n","protected":false},"author":1,"featured_media":0,"parent":0,"menu_order":99,"comment_status":"closed","ping_status":"closed","template":"","meta":{"footnotes":""},"class_list":["post-29","page","type-page","status-publish","hentry"],"_links":{"self":[{"href":"https:\/\/amc77.org\/index.php\/wp-json\/wp\/v2\/pages\/29","targetHints":{"allow":["GET"]}}],"collection":[{"href":"https:\/\/amc77.org\/index.php\/wp-json\/wp\/v2\/pages"}],"about":[{"href":"https:\/\/amc77.org\/index.php\/wp-json\/wp\/v2\/types\/page"}],"author":[{"embeddable":true,"href":"https:\/\/amc77.org\/index.php\/wp-json\/wp\/v2\/users\/1"}],"replies":[{"embeddable":true,"href":"https:\/\/amc77.org\/index.php\/wp-json\/wp\/v2\/comments?post=29"}],"version-history":[{"count":14,"href":"https:\/\/amc77.org\/index.php\/wp-json\/wp\/v2\/pages\/29\/revisions"}],"predecessor-version":[{"id":2367,"href":"https:\/\/amc77.org\/index.php\/wp-json\/wp\/v2\/pages\/29\/revisions\/2367"}],"wp:attachment":[{"href":"https:\/\/amc77.org\/index.php\/wp-json\/wp\/v2\/media?parent=29"}],"curies":[{"name":"wp","href":"https:\/\/api.w.org\/{rel}","templated":true}]}}