{"id":314,"date":"2018-08-20T18:54:28","date_gmt":"2018-08-20T16:54:28","guid":{"rendered":"http:\/\/amc77.org\/?page_id=314"},"modified":"2020-05-25T16:49:04","modified_gmt":"2020-05-25T14:49:04","slug":"ensembles","status":"publish","type":"page","link":"https:\/\/amc77.org\/index.php\/ensembles\/","title":{"rendered":"Ensembles"},"content":{"rendered":"\n<h1 class=\"has-huge-font-size wp-block-heading\"><strong><em>Nos ensembles<\/em><\/strong><\/h1>\n\n\n\n<p>Nos ensembles sont ouverts aux \u00e9l\u00e8ves de l&rsquo;\u00e9cole et aux ext\u00e9rieurs. <\/p>\n\n\n\n<p>vous avez la possibilit\u00e9 d\u2019int\u00e9grer : <\/p>\n\n\n<div class=\"pt-cv-wrapper\"><div class=\"pt-cv-view pt-cv-grid pt-cv-colsys\" id=\"pt-cv-view-d7d98211it\"><div data-id=\"pt-cv-page-1\" class=\"pt-cv-page\" data-cvc=\"1\"><div class=\"col-md-12 col-sm-6 col-xs-12 pt-cv-content-item pt-cv-2-col\" ><div class='pt-cv-ifield'><a href=\"https:\/\/amc77.org\/index.php\/ensemble-rock\/\" class=\"_self pt-cv-href-thumbnail pt-cv-thumb-left\" target=\"_self\" ><img loading=\"lazy\" decoding=\"async\" width=\"150\" height=\"150\" src=\"https:\/\/amc77.org\/wp-content\/uploads\/2021\/04\/rock-n-roll-2-ok-150x150.jpg\" class=\"pt-cv-thumbnail pull-left\" alt=\"\" \/><\/a>\n<div class=\"pt-cv-colwrap\"><h4 class=\"pt-cv-title\"><a href=\"https:\/\/amc77.org\/index.php\/ensemble-rock\/\" class=\"_self\" target=\"_self\" >Ensemble Rock<\/a><\/h4><\/div><\/div><\/div>\n<div class=\"col-md-12 col-sm-6 col-xs-12 pt-cv-content-item pt-cv-2-col\" ><div class='pt-cv-ifield'><a href=\"https:\/\/amc77.org\/index.php\/ensemble-orchestral\/\" class=\"_self pt-cv-href-thumbnail pt-cv-thumb-left\" target=\"_self\" ><img loading=\"lazy\" decoding=\"async\" width=\"150\" height=\"150\" src=\"https:\/\/amc77.org\/wp-content\/uploads\/2020\/05\/partition-2-150x150.png\" class=\"pt-cv-thumbnail pull-left\" alt=\"\" \/><\/a>\n<div class=\"pt-cv-colwrap\"><h4 class=\"pt-cv-title\"><a href=\"https:\/\/amc77.org\/index.php\/ensemble-orchestral\/\" class=\"_self\" target=\"_self\" >Ensemble Orchestral<\/a><\/h4><\/div><\/div><\/div>\n<div class=\"col-md-12 col-sm-6 col-xs-12 pt-cv-content-item pt-cv-2-col\" ><div class='pt-cv-ifield'><a href=\"https:\/\/amc77.org\/index.php\/lensemble-jazz-ados\/\" class=\"_self pt-cv-href-thumbnail pt-cv-thumb-left\" target=\"_self\" ><img loading=\"lazy\" decoding=\"async\" width=\"150\" height=\"150\" src=\"https:\/\/amc77.org\/wp-content\/uploads\/2020\/04\/Jazz-ados-150x150.png\" class=\"pt-cv-thumbnail pull-left\" alt=\"\" \/><\/a>\n<div class=\"pt-cv-colwrap\"><h4 class=\"pt-cv-title\"><a href=\"https:\/\/amc77.org\/index.php\/lensemble-jazz-ados\/\" class=\"_self\" target=\"_self\" >Ensemble Jazz Ados<\/a><\/h4><\/div><\/div><\/div>\n<div class=\"col-md-12 col-sm-6 col-xs-12 pt-cv-content-item pt-cv-2-col\" ><div class='pt-cv-ifield'><a href=\"https:\/\/amc77.org\/index.php\/ensembles-a-cordes\/\" class=\"_self pt-cv-href-thumbnail pt-cv-thumb-left\" target=\"_self\" ><img loading=\"lazy\" decoding=\"async\" width=\"150\" height=\"150\" src=\"https:\/\/amc77.org\/wp-content\/uploads\/2020\/05\/ensemble-\u00e0-corde-2-150x150.jpg\" class=\"pt-cv-thumbnail pull-left\" alt=\"\" \/><\/a>\n<div class=\"pt-cv-colwrap\"><h4 class=\"pt-cv-title\"><a href=\"https:\/\/amc77.org\/index.php\/ensembles-a-cordes\/\" class=\"_self\" target=\"_self\" >Ensemble \u00e0 Cordes 2d Cycle<\/a><\/h4><\/div><\/div><\/div><\/div><\/div><\/div>\n\n\n\n<p style=\"line-height:1.1\"><\/p>\n","protected":false},"excerpt":{"rendered":"<p>Nos ensembles Nos ensembles sont ouverts aux \u00e9l\u00e8ves de l&rsquo;\u00e9cole et aux ext\u00e9rieurs. vous avez la possibilit\u00e9 d\u2019int\u00e9grer :<\/p>\n","protected":false},"author":1,"featured_media":0,"parent":0,"menu_order":0,"comment_status":"closed","ping_status":"closed","template":"","meta":{"footnotes":""},"class_list":["post-314","page","type-page","status-publish","hentry"],"_links":{"self":[{"href":"https:\/\/amc77.org\/index.php\/wp-json\/wp\/v2\/pages\/314","targetHints":{"allow":["GET"]}}],"collection":[{"href":"https:\/\/amc77.org\/index.php\/wp-json\/wp\/v2\/pages"}],"about":[{"href":"https:\/\/amc77.org\/index.php\/wp-json\/wp\/v2\/types\/page"}],"author":[{"embeddable":true,"href":"https:\/\/amc77.org\/index.php\/wp-json\/wp\/v2\/users\/1"}],"replies":[{"embeddable":true,"href":"https:\/\/amc77.org\/index.php\/wp-json\/wp\/v2\/comments?post=314"}],"version-history":[{"count":19,"href":"https:\/\/amc77.org\/index.php\/wp-json\/wp\/v2\/pages\/314\/revisions"}],"predecessor-version":[{"id":1301,"href":"https:\/\/amc77.org\/index.php\/wp-json\/wp\/v2\/pages\/314\/revisions\/1301"}],"wp:attachment":[{"href":"https:\/\/amc77.org\/index.php\/wp-json\/wp\/v2\/media?parent=314"}],"curies":[{"name":"wp","href":"https:\/\/api.w.org\/{rel}","templated":true}]}}