{"id":345,"date":"2018-11-07T14:59:12","date_gmt":"2018-11-07T13:59:12","guid":{"rendered":"http:\/\/amc77.org\/?page_id=345"},"modified":"2022-12-21T13:46:22","modified_gmt":"2022-12-21T12:46:22","slug":"olivier-priester","status":"publish","type":"page","link":"https:\/\/amc77.org\/index.php\/olivier-priester\/","title":{"rendered":"Olivier PRIESTER, guitare classique"},"content":{"rendered":"\n<h2 class=\"wp-block-heading has-text-align-center has-medium-font-size\"><strong>Olivier Priester, guitare classique<\/strong><\/h2>\n\n\n\n<p>Instrument sans aucun doute le plus populaire au monde, la guitare classique a&nbsp; travers\u00e9&nbsp; les \u00e9poques de la renaissance \u00e0 aujourd\u2019hui. Son r\u00e9pertoire est par cons\u00e9quent tr\u00e8s \u00e9tendu mais il ne doit  pas \u00eatre  confondu avec  le r\u00e9pertoire jazz, blues,pop, rock, folk. La guitare classique  s\u2019int\u00e8gre parfaitement dans la musique de chambre sous forme de duo, trio ou autres avec des instruments comme la voix, le violon, le violoncelle, la fl\u00fbte traversi\u00e8re et \u00e0 bec. Professeur \u00e0 AMC depuis 1995, Olivier Priester est \u00e9galement professeur titulaire aux conservatoires de Fontainebleau et du Pecq (Yvelines)<\/p>\n\n\n\n<figure class=\"wp-block-embed is-type-video is-provider-youtube wp-block-embed-youtube wp-embed-aspect-16-9 wp-has-aspect-ratio\"><div class=\"wp-block-embed__wrapper\">\n<iframe loading=\"lazy\" title=\"Avon 2\" width=\"840\" height=\"473\" src=\"https:\/\/www.youtube.com\/embed\/BUjXvs9lbOM?feature=oembed\" frameborder=\"0\" allow=\"accelerometer; autoplay; clipboard-write; encrypted-media; gyroscope; picture-in-picture; web-share\" referrerpolicy=\"strict-origin-when-cross-origin\" allowfullscreen><\/iframe>\n<\/div><figcaption class=\"wp-element-caption\">Audition de la classe de Guitare d&rsquo;Olivier Priester<\/figcaption><\/figure>\n\n\n\n<p><\/p>\n","protected":false},"excerpt":{"rendered":"<p>Olivier Priester, guitare classique Instrument sans aucun doute le plus populaire au monde, la guitare classique a&nbsp; travers\u00e9&nbsp; les \u00e9poques de la renaissance \u00e0 aujourd\u2019hui. Son r\u00e9pertoire est par cons\u00e9quent tr\u00e8s \u00e9tendu mais il ne doit pas \u00eatre confondu avec le r\u00e9pertoire jazz, blues,pop, rock, folk. La guitare classique s\u2019int\u00e8gre parfaitement dans la musique de &hellip; <a href=\"https:\/\/amc77.org\/index.php\/olivier-priester\/\" class=\"more-link\">Continuer la lecture<span class=\"screen-reader-text\"> de &laquo;&nbsp;Olivier PRIESTER, guitare classique&nbsp;&raquo;<\/span><\/a><\/p>\n","protected":false},"author":2,"featured_media":2116,"parent":0,"menu_order":0,"comment_status":"closed","ping_status":"closed","template":"","meta":{"footnotes":""},"class_list":["post-345","page","type-page","status-publish","has-post-thumbnail","hentry"],"_links":{"self":[{"href":"https:\/\/amc77.org\/index.php\/wp-json\/wp\/v2\/pages\/345","targetHints":{"allow":["GET"]}}],"collection":[{"href":"https:\/\/amc77.org\/index.php\/wp-json\/wp\/v2\/pages"}],"about":[{"href":"https:\/\/amc77.org\/index.php\/wp-json\/wp\/v2\/types\/page"}],"author":[{"embeddable":true,"href":"https:\/\/amc77.org\/index.php\/wp-json\/wp\/v2\/users\/2"}],"replies":[{"embeddable":true,"href":"https:\/\/amc77.org\/index.php\/wp-json\/wp\/v2\/comments?post=345"}],"version-history":[{"count":7,"href":"https:\/\/amc77.org\/index.php\/wp-json\/wp\/v2\/pages\/345\/revisions"}],"predecessor-version":[{"id":2118,"href":"https:\/\/amc77.org\/index.php\/wp-json\/wp\/v2\/pages\/345\/revisions\/2118"}],"wp:featuredmedia":[{"embeddable":true,"href":"https:\/\/amc77.org\/index.php\/wp-json\/wp\/v2\/media\/2116"}],"wp:attachment":[{"href":"https:\/\/amc77.org\/index.php\/wp-json\/wp\/v2\/media?parent=345"}],"curies":[{"name":"wp","href":"https:\/\/api.w.org\/{rel}","templated":true}]}}