{"id":43,"date":"2018-06-16T19:27:24","date_gmt":"2018-06-16T17:27:24","guid":{"rendered":"http:\/\/amc77.org\/?page_id=43"},"modified":"2024-03-27T16:55:43","modified_gmt":"2024-03-27T15:55:43","slug":"ville-davon","status":"publish","type":"page","link":"https:\/\/amc77.org\/index.php\/ville-davon\/","title":{"rendered":"Ville d&rsquo;Avon"},"content":{"rendered":"<p><img loading=\"lazy\" decoding=\"async\" class=\"alignnone wp-image-2319 size-full\" src=\"https:\/\/amc77.org\/wp-content\/uploads\/2024\/03\/Logo-Avon-2023-1.jpg\" alt=\"\" width=\"1075\" height=\"370\" srcset=\"https:\/\/amc77.org\/wp-content\/uploads\/2024\/03\/Logo-Avon-2023-1.jpg 1075w, https:\/\/amc77.org\/wp-content\/uploads\/2024\/03\/Logo-Avon-2023-1-300x103.jpg 300w, https:\/\/amc77.org\/wp-content\/uploads\/2024\/03\/Logo-Avon-2023-1-1024x352.jpg 1024w, https:\/\/amc77.org\/wp-content\/uploads\/2024\/03\/Logo-Avon-2023-1-768x264.jpg 768w\" sizes=\"auto, (max-width: 709px) 85vw, (max-width: 909px) 67vw, (max-width: 1362px) 62vw, 840px\" \/><em>AMC est li\u00e9e \u00e0 la mairie par une convention d\u2019objectifs et de moyens afin d\u2019assurer, entre autre, des services musicaux lors des c\u00e9r\u00e9monies patriotiques. De fait, elle re\u00e7oit une subvention municipale permettant de proposer des tarifs raisonnables aux adh\u00e9rents.<\/em><\/p>\n","protected":false},"excerpt":{"rendered":"<p>AMC est li\u00e9e \u00e0 la mairie par une convention d\u2019objectifs et de moyens afin d\u2019assurer, entre autre, des services musicaux lors des c\u00e9r\u00e9monies patriotiques. De fait, elle re\u00e7oit une subvention municipale permettant de proposer des tarifs raisonnables aux adh\u00e9rents.<\/p>\n","protected":false},"author":1,"featured_media":0,"parent":0,"menu_order":0,"comment_status":"closed","ping_status":"closed","template":"","meta":{"footnotes":""},"class_list":["post-43","page","type-page","status-publish","hentry"],"_links":{"self":[{"href":"https:\/\/amc77.org\/index.php\/wp-json\/wp\/v2\/pages\/43","targetHints":{"allow":["GET"]}}],"collection":[{"href":"https:\/\/amc77.org\/index.php\/wp-json\/wp\/v2\/pages"}],"about":[{"href":"https:\/\/amc77.org\/index.php\/wp-json\/wp\/v2\/types\/page"}],"author":[{"embeddable":true,"href":"https:\/\/amc77.org\/index.php\/wp-json\/wp\/v2\/users\/1"}],"replies":[{"embeddable":true,"href":"https:\/\/amc77.org\/index.php\/wp-json\/wp\/v2\/comments?post=43"}],"version-history":[{"count":4,"href":"https:\/\/amc77.org\/index.php\/wp-json\/wp\/v2\/pages\/43\/revisions"}],"predecessor-version":[{"id":2323,"href":"https:\/\/amc77.org\/index.php\/wp-json\/wp\/v2\/pages\/43\/revisions\/2323"}],"wp:attachment":[{"href":"https:\/\/amc77.org\/index.php\/wp-json\/wp\/v2\/media?parent=43"}],"curies":[{"name":"wp","href":"https:\/\/api.w.org\/{rel}","templated":true}]}}