{"id":51,"date":"2018-06-16T19:34:03","date_gmt":"2018-06-16T17:34:03","guid":{"rendered":"http:\/\/amc77.org\/?page_id=51"},"modified":"2025-12-11T17:47:18","modified_gmt":"2025-12-11T16:47:18","slug":"ca-bureau","status":"publish","type":"page","link":"https:\/\/amc77.org\/index.php\/ca-bureau\/","title":{"rendered":"CA &#038; Bureau"},"content":{"rendered":"\n<h1 class=\"wp-block-heading has-text-align-center\" id=\"ca-bureau\"><strong><em>CA &amp; Bureau<\/em><\/strong><\/h1>\n\n\n\n<div class=\"wp-block-group\"><div class=\"wp-block-group__inner-container is-layout-flow wp-block-group-is-layout-flow\">\n<p>Le Conseil d&rsquo;Administration de l&rsquo;association est compos\u00e9 de 6 membres :<\/p>\n\n\n\n<p class=\"has-text-align-center\">Etienne Ribard, Pr\u00e9sident<\/p>\n\n\n<div class=\"wp-block-image is-style-rounded\">\n<figure class=\"aligncenter size-medium\"><img loading=\"lazy\" decoding=\"async\" width=\"225\" height=\"300\" src=\"https:\/\/amc77.org\/wp-content\/uploads\/2025\/05\/20250519_114437-1-225x300.jpg\" alt=\"\" class=\"wp-image-2661\" srcset=\"https:\/\/amc77.org\/wp-content\/uploads\/2025\/05\/20250519_114437-1-225x300.jpg 225w, https:\/\/amc77.org\/wp-content\/uploads\/2025\/05\/20250519_114437-1-768x1024.jpg 768w, https:\/\/amc77.org\/wp-content\/uploads\/2025\/05\/20250519_114437-1-1152x1536.jpg 1152w, https:\/\/amc77.org\/wp-content\/uploads\/2025\/05\/20250519_114437-1-1536x2048.jpg 1536w, https:\/\/amc77.org\/wp-content\/uploads\/2025\/05\/20250519_114437-1-1200x1600.jpg 1200w, https:\/\/amc77.org\/wp-content\/uploads\/2025\/05\/20250519_114437-1-scaled.jpg 1920w\" sizes=\"auto, (max-width: 225px) 85vw, 225px\" \/><\/figure>\n<\/div>\n\n\n<div class=\"wp-block-group\"><div class=\"wp-block-group__inner-container is-layout-flow wp-block-group-is-layout-flow\">\n<p class=\"has-text-align-center\">Mme Aur\u00e9lie LLOMBART, Vice-Pr\u00e9sidente<\/p>\n\n\n<div class=\"wp-block-image is-resized is-style-rounded\">\n<figure class=\"aligncenter size-medium\"><img loading=\"lazy\" decoding=\"async\" width=\"300\" height=\"284\" src=\"http:\/\/amc77.org\/wp-content\/uploads\/2023\/04\/Aurelie-Llombart-300x284.jpg\" alt=\"\" class=\"wp-image-2177\" srcset=\"https:\/\/amc77.org\/wp-content\/uploads\/2023\/04\/Aurelie-Llombart-300x284.jpg 300w, https:\/\/amc77.org\/wp-content\/uploads\/2023\/04\/Aurelie-Llombart-1024x969.jpg 1024w, https:\/\/amc77.org\/wp-content\/uploads\/2023\/04\/Aurelie-Llombart-768x727.jpg 768w, https:\/\/amc77.org\/wp-content\/uploads\/2023\/04\/Aurelie-Llombart-1536x1453.jpg 1536w, https:\/\/amc77.org\/wp-content\/uploads\/2023\/04\/Aurelie-Llombart-2048x1938.jpg 2048w, https:\/\/amc77.org\/wp-content\/uploads\/2023\/04\/Aurelie-Llombart-1200x1135.jpg 1200w\" sizes=\"auto, (max-width: 300px) 85vw, 300px\" \/><\/figure>\n<\/div>\n\n\n<p class=\"has-text-align-center\">Mme Marie-Christine Gacek, Tr\u00e9sori\u00e8re<\/p>\n\n\n<div class=\"wp-block-image is-style-rounded\">\n<figure class=\"aligncenter size-medium\"><img loading=\"lazy\" decoding=\"async\" width=\"225\" height=\"300\" src=\"https:\/\/amc77.org\/wp-content\/uploads\/2025\/09\/20250901_170106-1-225x300.jpg\" alt=\"\" class=\"wp-image-2705\" srcset=\"https:\/\/amc77.org\/wp-content\/uploads\/2025\/09\/20250901_170106-1-225x300.jpg 225w, https:\/\/amc77.org\/wp-content\/uploads\/2025\/09\/20250901_170106-1-768x1024.jpg 768w, https:\/\/amc77.org\/wp-content\/uploads\/2025\/09\/20250901_170106-1.jpg 1000w\" sizes=\"auto, (max-width: 225px) 85vw, 225px\" \/><\/figure>\n<\/div>\n\n\n<p class=\"has-text-align-center\">Mme H\u00e9l\u00e8ne DUBOIS D&rsquo;ARTHENAY, Tr\u00e9sori\u00e8re Adjointe<\/p>\n\n\n<div class=\"wp-block-image is-style-rounded\">\n<figure class=\"aligncenter size-medium\"><img loading=\"lazy\" decoding=\"async\" width=\"242\" height=\"300\" src=\"http:\/\/amc77.org\/wp-content\/uploads\/2023\/04\/helene-darthenay-242x300.png\" alt=\"\" class=\"wp-image-2193\" srcset=\"https:\/\/amc77.org\/wp-content\/uploads\/2023\/04\/helene-darthenay-242x300.png 242w, https:\/\/amc77.org\/wp-content\/uploads\/2023\/04\/helene-darthenay.png 431w\" sizes=\"auto, (max-width: 242px) 85vw, 242px\" \/><\/figure>\n<\/div>\n\n\n<p><\/p>\n\n\n\n<p class=\"has-text-align-center\">Mme Sandrine AUGUSTE-SAGET, Secr\u00e9taire<\/p>\n\n\n<div class=\"wp-block-image is-style-rounded\">\n<figure class=\"aligncenter size-medium\"><img loading=\"lazy\" decoding=\"async\" width=\"225\" height=\"300\" src=\"https:\/\/amc77.org\/wp-content\/uploads\/2025\/05\/IMG_4174-225x300.jpeg\" alt=\"\" class=\"wp-image-2623\" srcset=\"https:\/\/amc77.org\/wp-content\/uploads\/2025\/05\/IMG_4174-225x300.jpeg 225w, https:\/\/amc77.org\/wp-content\/uploads\/2025\/05\/IMG_4174-769x1024.jpeg 769w, https:\/\/amc77.org\/wp-content\/uploads\/2025\/05\/IMG_4174-768x1022.jpeg 768w, https:\/\/amc77.org\/wp-content\/uploads\/2025\/05\/IMG_4174-1154x1536.jpeg 1154w, https:\/\/amc77.org\/wp-content\/uploads\/2025\/05\/IMG_4174-1539x2048.jpeg 1539w, https:\/\/amc77.org\/wp-content\/uploads\/2025\/05\/IMG_4174-1200x1597.jpeg 1200w, https:\/\/amc77.org\/wp-content\/uploads\/2025\/05\/IMG_4174-scaled.jpeg 1923w\" sizes=\"auto, (max-width: 225px) 85vw, 225px\" \/><\/figure>\n<\/div>\n\n\n<p class=\"has-text-align-center\">Mme Magali ANGELINI, Secr\u00e9taire-Adjointe<\/p>\n\n\n<div class=\"wp-block-image is-style-rounded\">\n<figure class=\"aligncenter size-medium\"><img loading=\"lazy\" decoding=\"async\" width=\"227\" height=\"300\" src=\"http:\/\/amc77.org\/wp-content\/uploads\/2023\/04\/magali-Angelini-227x300.jpg\" alt=\"\" class=\"wp-image-2186\" srcset=\"https:\/\/amc77.org\/wp-content\/uploads\/2023\/04\/magali-Angelini-227x300.jpg 227w, https:\/\/amc77.org\/wp-content\/uploads\/2023\/04\/magali-Angelini-773x1024.jpg 773w, https:\/\/amc77.org\/wp-content\/uploads\/2023\/04\/magali-Angelini-768x1017.jpg 768w, https:\/\/amc77.org\/wp-content\/uploads\/2023\/04\/magali-Angelini.jpg 817w\" sizes=\"auto, (max-width: 227px) 85vw, 227px\" \/><\/figure>\n<\/div>\n\n\n<p><\/p>\n\n\n\n<p class=\"has-text-align-center\"><\/p>\n<\/div><\/div>\n<\/div><\/div>\n\n\n\n<p class=\"has-text-align-center\"><\/p>\n","protected":false},"excerpt":{"rendered":"<p>CA &amp; Bureau Le Conseil d&rsquo;Administration de l&rsquo;association est compos\u00e9 de 6 membres : Etienne Ribard, Pr\u00e9sident Mme Aur\u00e9lie LLOMBART, Vice-Pr\u00e9sidente Mme Marie-Christine Gacek, Tr\u00e9sori\u00e8re Mme H\u00e9l\u00e8ne DUBOIS D&rsquo;ARTHENAY, Tr\u00e9sori\u00e8re Adjointe Mme Sandrine AUGUSTE-SAGET, Secr\u00e9taire Mme Magali ANGELINI, Secr\u00e9taire-Adjointe<\/p>\n","protected":false},"author":1,"featured_media":1479,"parent":0,"menu_order":0,"comment_status":"closed","ping_status":"closed","template":"","meta":{"footnotes":""},"class_list":["post-51","page","type-page","status-publish","has-post-thumbnail","hentry"],"_links":{"self":[{"href":"https:\/\/amc77.org\/index.php\/wp-json\/wp\/v2\/pages\/51","targetHints":{"allow":["GET"]}}],"collection":[{"href":"https:\/\/amc77.org\/index.php\/wp-json\/wp\/v2\/pages"}],"about":[{"href":"https:\/\/amc77.org\/index.php\/wp-json\/wp\/v2\/types\/page"}],"author":[{"embeddable":true,"href":"https:\/\/amc77.org\/index.php\/wp-json\/wp\/v2\/users\/1"}],"replies":[{"embeddable":true,"href":"https:\/\/amc77.org\/index.php\/wp-json\/wp\/v2\/comments?post=51"}],"version-history":[{"count":59,"href":"https:\/\/amc77.org\/index.php\/wp-json\/wp\/v2\/pages\/51\/revisions"}],"predecessor-version":[{"id":2796,"href":"https:\/\/amc77.org\/index.php\/wp-json\/wp\/v2\/pages\/51\/revisions\/2796"}],"wp:featuredmedia":[{"embeddable":true,"href":"https:\/\/amc77.org\/index.php\/wp-json\/wp\/v2\/media\/1479"}],"wp:attachment":[{"href":"https:\/\/amc77.org\/index.php\/wp-json\/wp\/v2\/media?parent=51"}],"curies":[{"name":"wp","href":"https:\/\/api.w.org\/{rel}","templated":true}]}}