{"id":822,"date":"2020-04-17T10:18:42","date_gmt":"2020-04-17T08:18:42","guid":{"rendered":"http:\/\/amc77.org\/?page_id=822"},"modified":"2020-05-26T12:43:20","modified_gmt":"2020-05-26T10:43:20","slug":"tarifs","status":"publish","type":"page","link":"https:\/\/amc77.org\/index.php\/tarifs\/","title":{"rendered":"Tarifs"},"content":{"rendered":"\n<h1 class=\"has-text-align-center has-huge-font-size wp-block-heading\"><strong><em>Tarifs<\/em><\/strong><\/h1>\n\n\n\n<p class=\"has-bright-blue-color has-text-color\"><strong>Adh\u00e9sion (par foyer fiscal) : 60 \u20ac<\/strong><\/p>\n\n\n\n<p class=\"has-text-align-center has-bright-red-color has-text-color has-medium-font-size\"><strong>IMPORTANT<\/strong><\/p>\n\n\n\n<p>L&rsquo;inscription est prise pour l&rsquo;ann\u00e9e enti\u00e8re et implique le paiement dans son int\u00e9gralit\u00e9, m\u00eame en cas d&rsquo;arr\u00eat en cours d&rsquo;ann\u00e9e. Des facilit\u00e9s de paiement sont accord\u00e9es (versement en 8 fois maximum)<\/p>\n\n\n<div class=\"pt-cv-wrapper\"><div class=\"pt-cv-view pt-cv-collapsible\" id=\"pt-cv-view-a7f3268klo\"><div data-id=\"pt-cv-page-1\" class=\"pt-cv-page\" data-cvc=\"1\"><div class=\"panel-group\" id=\"1d1c93d1ng\"><div class=\"panel panel-default pt-cv-content-item pt-cv-1-col\" >\r\n<div class=\"panel-heading pt-cv-title\">\r\n    <a class=\"panel-title\" data-toggle=\"cvcollapse\" data-parent=\"#1d1c93d1ng\" data-target=\"#b40e98anao\" href='https:\/\/amc77.org\/index.php\/pour-les-jeunes-enfants\/' onclick='event.preventDefault()'>\r\n\t\tPour les jeunes enfants\t<\/a>\r\n\t<\/div>\r\n<div id=\"b40e98anao\" class=\"panel-collapse collapse \">\r\n\t<div class=\"panel-body\">\r\n\t\t<a href=\"https:\/\/amc77.org\/index.php\/pour-les-jeunes-enfants\/\" class=\"_self pt-cv-href-thumbnail pt-cv-thumb-default\" target=\"_self\" ><\/a>\n<div class=\"pt-cv-content\">\n<p>Pour plus d&rsquo;informations concernant l&rsquo;initiation musicale <a href=\"http:\/\/amc77.org\/index.php\/initiation-musicale\/\">cliquez ici<\/a><\/p>\n\n\n\n<table id=\"tablepress-7\" class=\"tablepress tablepress-id-7\">\n<tbody class=\"row-hover\">\n<tr class=\"row-1 odd\">\n\t<td class=\"column-1\"><\/td><td class=\"column-2\"><strong><em><center>Dur\u00e9e du cours<\/center><\/em><\/strong><\/td><td class=\"column-3\"><strong><em><center>Prix pour les Avonnais<\/center><\/em><\/strong><\/td><td class=\"column-4\"><strong><em><center>Prix pour les Non-Avonnais<\/center><\/em><\/strong><\/td>\n<\/tr>\n<tr class=\"row-2 even\">\n\t<td class=\"column-1\"><strong> <em><center>Eveil musical (4 et 5 ans) <\/center><\/em><\/strong> <\/td><td class=\"column-2\"><center>45 min<\/center><\/td><td class=\"column-3\"><center>250 \u20ac<\/center><\/td><td class=\"column-4\"><center>275 \u20ac<\/center><\/td>\n<\/tr>\n<tr class=\"row-3 odd\">\n\t<td class=\"column-1\"><strong><em><center>D\u00e9couverte instrumentale (5 et 6 ans)<\/center><\/em> <\/strong><\/td><td class=\"column-2\"><center>45 min<\/center><\/td><td class=\"column-3\"><center>250 \u20ac <\/center><\/td><td class=\"column-4\"><center>275 \u20ac<\/center><\/td>\n<\/tr>\n<tr class=\"row-4 even\">\n\t<td class=\"column-1\"><strong><em><center>Chorale (6 ans et +)<\/center><\/em><\/strong><\/td><td class=\"column-2\"><center>45 min<\/center><\/td><td class=\"column-3\"><center>250 \u20ac <\/center><\/td><td class=\"column-4\"><center>275 \u20ac<\/center><\/td>\n<\/tr>\n<tr class=\"row-5 odd\">\n\t<td class=\"column-1\"><strong><em><center>Initiation \u00e0 l\u2019instrument (6 et 7 ans)<\/center><\/em> <\/strong><\/td><td class=\"column-2\"><center>20 min<\/center><\/td><td class=\"column-3\"><center> 420 \u20ac<\/center><\/td><td class=\"column-4\"><center>560 \u20ac<\/center><\/td>\n<\/tr>\n<\/tbody>\n<\/table>\n<!-- #tablepress-7 from cache -->\n<\/div>\t<\/div>\r\n<\/div><\/div>\n<div class=\"panel panel-default pt-cv-content-item pt-cv-1-col\" >\r\n<div class=\"panel-heading pt-cv-title\">\r\n    <a class=\"panel-title\" data-toggle=\"cvcollapse\" data-parent=\"#1d1c93d1ng\" data-target=\"#918ab45ryf\" href='https:\/\/amc77.org\/index.php\/cours-dapprentissage-dun-instrument-en-face-a-face\/' onclick='event.preventDefault()'>\r\n\t\tCours d\u2019apprentissage d\u2019un instrument en \u00ab face \u00e0 face \u00bb\t<\/a>\r\n\t<\/div>\r\n<div id=\"918ab45ryf\" class=\"panel-collapse collapse \">\r\n\t<div class=\"panel-body\">\r\n\t\t<a href=\"https:\/\/amc77.org\/index.php\/cours-dapprentissage-dun-instrument-en-face-a-face\/\" class=\"_self pt-cv-href-thumbnail pt-cv-thumb-default\" target=\"_self\" ><\/a>\n<div class=\"pt-cv-content\">\n<p>Pour plus d&rsquo;informations sur les diff\u00e9rents cursus <a href=\"http:\/\/amc77.org\/index.php\/apprendre-un-instrument-ou-le-chant\/\">cliquez ici<\/a><\/p>\n\n\n\n<table id=\"tablepress-8\" class=\"tablepress tablepress-id-8\" aria-describedby=\"tablepress-8-description\">\n<tbody class=\"row-hover\">\n<tr class=\"row-1 odd\">\n\t<td rowspan=\"2\" class=\"column-1\"><strong><em><center>Cours d'instrument<\/center><\/em><\/strong><\/td><td colspan=\"2\" class=\"column-2\"><strong><em><center>Prix pour les Avonnais<\/center><\/em><\/strong><\/td><td colspan=\"2\" class=\"column-4\"><strong><em><center>Prix pour les Non-Avonnais<\/center><\/em><\/strong><\/td>\n<\/tr>\n<tr class=\"row-2 even\">\n\t<td class=\"column-2\"><strong><em><center>Enfant<\/center><\/em><\/strong><\/td><td class=\"column-3\"><strong><em><center>Adulte<\/center><\/em><\/strong><\/td><td class=\"column-4\"><strong><em><center>Enfant<\/center><\/em><\/strong><\/td><td class=\"column-5\"><strong><em><center>Adulte<\/center><\/em><\/strong><\/td>\n<\/tr>\n<tr class=\"row-3 odd\">\n\t<td class=\"column-1\"><strong><em><center>30 min<\/center><\/em><\/strong><\/td><td class=\"column-2\"><center>580 \u20ac* <\/center><\/td><td class=\"column-3\"><center>680 \u20ac<\/center><\/td><td class=\"column-4\"><center>780 \u20ac*<\/center><\/td><td class=\"column-5\"><center>800 \u20ac<\/center><\/td>\n<\/tr>\n<tr class=\"row-4 even\">\n\t<td class=\"column-1\"><strong><em><center>45 min<\/center><\/em><\/strong><\/td><td class=\"column-2\"><center>750 \u20ac*<\/center><\/td><td class=\"column-3\"><center>900 \u20ac<\/center><\/td><td class=\"column-4\"><center>950 \u20ac*<\/center><\/td><td class=\"column-5\"><center>1070 \u20ac<\/center><\/td>\n<\/tr>\n<tr class=\"row-5 odd\">\n\t<td class=\"column-1\"><strong><em><center>60 min<\/center><\/em><\/strong><\/td><td class=\"column-2\"><center>850 \u20ac*<\/center><\/td><td class=\"column-3\"><center>1100 \u20ac<\/center><\/td><td class=\"column-4\"><center>1050 \u20ac*<\/center><\/td><td class=\"column-5\"><center>1320 \u20ac<\/center><\/td>\n<\/tr>\n<\/tbody>\n<\/table>\n<span id=\"tablepress-8-description\" class=\"tablepress-table-description tablepress-table-description-id-8\">* Le prix comprend la formation musicale pour les enfants<br \/>\nLes ensembles sont compris dans ce prix pour les enfants et les adultes<\/span>\n<!-- #tablepress-8 from cache -->\n<\/div>\t<\/div>\r\n<\/div><\/div>\n<div class=\"panel panel-default pt-cv-content-item pt-cv-1-col\" >\r\n<div class=\"panel-heading pt-cv-title\">\r\n    <a class=\"panel-title\" data-toggle=\"cvcollapse\" data-parent=\"#1d1c93d1ng\" data-target=\"#de4ff1318x\" href='https:\/\/amc77.org\/index.php\/ateliers-et-ensembles-prix\/' onclick='event.preventDefault()'>\r\n\t\tAteliers et ensembles\t<\/a>\r\n\t<\/div>\r\n<div id=\"de4ff1318x\" class=\"panel-collapse collapse \">\r\n\t<div class=\"panel-body\">\r\n\t\t<a href=\"https:\/\/amc77.org\/index.php\/ateliers-et-ensembles-prix\/\" class=\"_self pt-cv-href-thumbnail pt-cv-thumb-default\" target=\"_self\" ><\/a>\n<div class=\"pt-cv-content\">\n<p>Pour plus d&rsquo;informations sur les diff\u00e9rents ateliers et ensembles <a href=\"http:\/\/amc77.org\/index.php\/jouer-en-groupe\/\">cliquez ici<\/a><\/p>\n\n\n\n<table id=\"tablepress-9\" class=\"tablepress tablepress-id-9\" aria-describedby=\"tablepress-9-description\">\n<tbody class=\"row-hover\">\n<tr class=\"row-1 odd\">\n\t<td class=\"column-1\"><\/td><td class=\"column-2\"><strong><em><center>Dur\u00e9e de l'activit\u00e9<\/center><\/em><\/strong><\/td><td class=\"column-3\"><strong><em><center>Prix pour les Avonnais<\/center><\/em><\/strong><\/td><td class=\"column-4\"><strong><em><center>Prix pour les Non-Avonnais<\/center><\/em><\/strong><\/td>\n<\/tr>\n<tr class=\"row-2 even\">\n\t<td class=\"column-1\"><strong><em><center>Orchestre junior 1er cycle*<\/center><\/em><\/strong><\/td><td class=\"column-2\"><center>1h<\/center><\/td><td class=\"column-3\"><center>250 \u20ac<\/center><\/td><td class=\"column-4\"><center>275 \u20ac<\/center><\/td>\n<\/tr>\n<tr class=\"row-3 odd\">\n\t<td class=\"column-1\"><strong><em><center>Ensemble rock*<\/center><\/em><\/strong><\/td><td class=\"column-2\"><center>1h<\/center><\/td><td class=\"column-3\"><center>250 \u20ac<\/center><\/td><td class=\"column-4\"><center>275 \u20ac<\/center><\/td>\n<\/tr>\n<tr class=\"row-4 even\">\n\t<td class=\"column-1\"><strong><em><center>Ensemble orchestral*<\/center><\/em><\/strong><\/td><td class=\"column-2\"><center>1h<\/center><\/td><td class=\"column-3\"><center>250 \u20ac<\/center><\/td><td class=\"column-4\"><center>275 \u20ac<\/center><\/td>\n<\/tr>\n<tr class=\"row-5 odd\">\n\t<td class=\"column-1\"><strong><em><center>Ensembles \u00e0 cordes 2d cycle*<\/center><\/em><\/strong><\/td><td class=\"column-2\"><center> 1h<\/center><\/td><td class=\"column-3\"><center>250 \u20ac<\/center><\/td><td class=\"column-4\"><center>275 \u20ac<\/center><\/td>\n<\/tr>\n<tr class=\"row-6 even\">\n\t<td class=\"column-1\"><strong><em><center>Ensemble Jazz Ados*<\/center><\/em><\/strong><\/td><td class=\"column-2\"><center>1h<\/center><\/td><td class=\"column-3\"><center>250 \u20ac<\/center><\/td><td class=\"column-4\"><center>275 \u20ac<\/center><\/td>\n<\/tr>\n<tr class=\"row-7 odd\">\n\t<td class=\"column-1\"><strong><em><center>Atelier Rythme*<\/center><\/em><\/strong><\/td><td class=\"column-2\"><center>45 mn<\/center><\/td><td class=\"column-3\"><center>250 \u20ac<\/center><\/td><td class=\"column-4\"><center>275 \u20ac<\/center><\/td>\n<\/tr>\n<\/tbody>\n<\/table>\n<span id=\"tablepress-9-description\" class=\"tablepress-table-description tablepress-table-description-id-9\">* Les ensembles sont compris dans le forfait <\/span>\n<!-- #tablepress-9 from cache -->\n<\/div>\t<\/div>\r\n<\/div><\/div>\n<div class=\"panel panel-default pt-cv-content-item pt-cv-1-col\" >\r\n<div class=\"panel-heading pt-cv-title\">\r\n    <a class=\"panel-title\" data-toggle=\"cvcollapse\" data-parent=\"#1d1c93d1ng\" data-target=\"#ea14b93g7b\" href='https:\/\/amc77.org\/index.php\/atelier-personnalise\/' onclick='event.preventDefault()'>\r\n\t\tAtelier personnalis\u00e9\t<\/a>\r\n\t<\/div>\r\n<div id=\"ea14b93g7b\" class=\"panel-collapse collapse \">\r\n\t<div class=\"panel-body\">\r\n\t\t<a href=\"https:\/\/amc77.org\/index.php\/atelier-personnalise\/\" class=\"_self pt-cv-href-thumbnail pt-cv-thumb-default\" target=\"_self\" ><\/a>\n<div class=\"pt-cv-content\">\n<p>Pour plus d&rsquo;informations concernant l&rsquo;atelier personnalis\u00e9 <a href=\"http:\/\/amc77.org\/index.php\/votre-atelier-personnalise-et-coache\/\">cliquez ici<\/a><\/p>\n\n\n\n<table id=\"tablepress-10\" class=\"tablepress tablepress-id-10\">\n<tbody class=\"row-hover\">\n<tr class=\"row-1 odd\">\n\t<td class=\"column-1\"><\/td><td colspan=\"4\" class=\"column-2\"><strong><em><center>Prix par personne<\/center><\/em><\/strong><\/td>\n<\/tr>\n<tr class=\"row-2 even\">\n\t<td rowspan=\"2\" class=\"column-1\"><strong><em><center>Nombre de participants \u00e0 l\u2019atelier<\/center><\/em><\/strong><\/td><td colspan=\"2\" class=\"column-2\"><strong><em><center>Pour les Avonnais<\/center><\/em><\/strong><\/td><td colspan=\"2\" class=\"column-4\"><strong><em><center>Pour les Non-Avonnais<\/center><\/em><\/strong><\/td>\n<\/tr>\n<tr class=\"row-3 odd\">\n\t<td class=\"column-2\"><strong><em><center>Enfant<\/center><\/em><\/strong><\/td><td class=\"column-3\"><strong><em><center>Adulte<\/center><\/em><\/strong><\/td><td class=\"column-4\"><strong><em><center>Enfant<\/center><\/em><\/strong><\/td><td class=\"column-5\"><strong><em><center>Adulte<\/center><\/em><\/strong><\/td>\n<\/tr>\n<tr class=\"row-4 even\">\n\t<td class=\"column-1\"><strong><em><center>2 personnes (30 min)<\/center><\/em><\/strong><\/td><td class=\"column-2\"><center>495 \u20ac<\/center><\/td><td class=\"column-3\"><center>570 \u20ac<\/center><\/td><td class=\"column-4\"><center>650 \u20ac <\/center><\/td><td class=\"column-5\"><center>665 \u20ac<\/center><\/td>\n<\/tr>\n<tr class=\"row-5 odd\">\n\t<td class=\"column-1\"><strong><em><center>3 personnes (45 min)<\/center><\/em><\/strong><\/td><td class=\"column-2\"><center>415 \u20ac<\/center><\/td><td class=\"column-3\"><center>465 \u20ac<\/center><\/td><td class=\"column-4\"><center>525 \u20ac<\/center><\/td><td class=\"column-5\"><center>535 \u20ac<\/center><\/td>\n<\/tr>\n<tr class=\"row-6 even\">\n\t<td class=\"column-1\"><strong><em><center>4 personnes (60 min)<\/center><\/em><\/strong><\/td><td class=\"column-2\"><center>330 \u20ac<\/center><\/td><td class=\"column-3\"><center>355 \u20ac<\/center><\/td><td class=\"column-4\"><center>400 \u20ac<\/center><\/td><td class=\"column-5\"><center>405 \u20ac<\/center><\/td>\n<\/tr>\n<tr class=\"row-7 odd\">\n\t<td class=\"column-1\"><strong><em><center>5 personnes et + (60 min)<\/center><\/em><\/strong><\/td><td class=\"column-2\"><center>250 \u20ac<\/center><\/td><td class=\"column-3\"><center>250 \u20ac<\/center><\/td><td class=\"column-4\"><center>275 \u20ac<\/center><\/td><td class=\"column-5\"><center>275 \u20ac<\/center><\/td>\n<\/tr>\n<\/tbody>\n<\/table>\n<!-- #tablepress-10 from cache -->\n<\/div>\t<\/div>\r\n<\/div><\/div><\/div><\/div><\/div><\/div>\n","protected":false},"excerpt":{"rendered":"<p>Tarifs Adh\u00e9sion (par foyer fiscal) : 60 \u20ac IMPORTANT L&rsquo;inscription est prise pour l&rsquo;ann\u00e9e enti\u00e8re et implique le paiement dans son int\u00e9gralit\u00e9, m\u00eame en cas d&rsquo;arr\u00eat en cours d&rsquo;ann\u00e9e. Des facilit\u00e9s de paiement sont accord\u00e9es (versement en 8 fois maximum)<\/p>\n","protected":false},"author":2,"featured_media":1305,"parent":0,"menu_order":0,"comment_status":"closed","ping_status":"closed","template":"","meta":{"footnotes":""},"class_list":["post-822","page","type-page","status-publish","has-post-thumbnail","hentry"],"_links":{"self":[{"href":"https:\/\/amc77.org\/index.php\/wp-json\/wp\/v2\/pages\/822","targetHints":{"allow":["GET"]}}],"collection":[{"href":"https:\/\/amc77.org\/index.php\/wp-json\/wp\/v2\/pages"}],"about":[{"href":"https:\/\/amc77.org\/index.php\/wp-json\/wp\/v2\/types\/page"}],"author":[{"embeddable":true,"href":"https:\/\/amc77.org\/index.php\/wp-json\/wp\/v2\/users\/2"}],"replies":[{"embeddable":true,"href":"https:\/\/amc77.org\/index.php\/wp-json\/wp\/v2\/comments?post=822"}],"version-history":[{"count":6,"href":"https:\/\/amc77.org\/index.php\/wp-json\/wp\/v2\/pages\/822\/revisions"}],"predecessor-version":[{"id":1289,"href":"https:\/\/amc77.org\/index.php\/wp-json\/wp\/v2\/pages\/822\/revisions\/1289"}],"wp:featuredmedia":[{"embeddable":true,"href":"https:\/\/amc77.org\/index.php\/wp-json\/wp\/v2\/media\/1305"}],"wp:attachment":[{"href":"https:\/\/amc77.org\/index.php\/wp-json\/wp\/v2\/media?parent=822"}],"curies":[{"name":"wp","href":"https:\/\/api.w.org\/{rel}","templated":true}]}}