{"id":910,"date":"2020-04-23T17:35:58","date_gmt":"2020-04-23T15:35:58","guid":{"rendered":"http:\/\/amc77.org\/?page_id=910"},"modified":"2024-04-08T15:19:04","modified_gmt":"2024-04-08T13:19:04","slug":"ensembles-a-cordes","status":"publish","type":"page","link":"https:\/\/amc77.org\/index.php\/ensembles-a-cordes\/","title":{"rendered":"Ensemble \u00e0 Cordes 2d Cycle"},"content":{"rendered":"\n<p class=\"has-text-align-right\" style=\"line-height:1\"><strong>L&rsquo;Ensemble \u00e0 Cordes II<\/strong> accueille tous les instrumentistes du quatuor et pianistes ayant obtenu leur fin de 1er cycle. Le r\u00e9pertoire abord\u00e9 est celui du quatuor \u00e9largie, allant de la musique baroque \u00e0 celle du XX\u00e8me si\u00e8cle.<\/p>\n\n\n\n<figure class=\"wp-block-image size-large\"><img loading=\"lazy\" decoding=\"async\" width=\"724\" height=\"1024\" src=\"https:\/\/amc77.org\/wp-content\/uploads\/2024\/04\/affiche-Ensemble-a-cordes2024-724x1024.png\" alt=\"\" class=\"wp-image-2365\" srcset=\"https:\/\/amc77.org\/wp-content\/uploads\/2024\/04\/affiche-Ensemble-a-cordes2024-724x1024.png 724w, https:\/\/amc77.org\/wp-content\/uploads\/2024\/04\/affiche-Ensemble-a-cordes2024-212x300.png 212w, https:\/\/amc77.org\/wp-content\/uploads\/2024\/04\/affiche-Ensemble-a-cordes2024-768x1086.png 768w, https:\/\/amc77.org\/wp-content\/uploads\/2024\/04\/affiche-Ensemble-a-cordes2024.png 794w\" sizes=\"auto, (max-width: 724px) 85vw, 724px\" \/><\/figure>\n","protected":false},"excerpt":{"rendered":"<p>L&rsquo;Ensemble \u00e0 Cordes II accueille tous les instrumentistes du quatuor et pianistes ayant obtenu leur fin de 1er cycle. Le r\u00e9pertoire abord\u00e9 est celui du quatuor \u00e9largie, allant de la musique baroque \u00e0 celle du XX\u00e8me si\u00e8cle.<\/p>\n","protected":false},"author":2,"featured_media":1367,"parent":0,"menu_order":0,"comment_status":"closed","ping_status":"closed","template":"","meta":{"footnotes":""},"class_list":["post-910","page","type-page","status-publish","has-post-thumbnail","hentry"],"_links":{"self":[{"href":"https:\/\/amc77.org\/index.php\/wp-json\/wp\/v2\/pages\/910","targetHints":{"allow":["GET"]}}],"collection":[{"href":"https:\/\/amc77.org\/index.php\/wp-json\/wp\/v2\/pages"}],"about":[{"href":"https:\/\/amc77.org\/index.php\/wp-json\/wp\/v2\/types\/page"}],"author":[{"embeddable":true,"href":"https:\/\/amc77.org\/index.php\/wp-json\/wp\/v2\/users\/2"}],"replies":[{"embeddable":true,"href":"https:\/\/amc77.org\/index.php\/wp-json\/wp\/v2\/comments?post=910"}],"version-history":[{"count":13,"href":"https:\/\/amc77.org\/index.php\/wp-json\/wp\/v2\/pages\/910\/revisions"}],"predecessor-version":[{"id":2366,"href":"https:\/\/amc77.org\/index.php\/wp-json\/wp\/v2\/pages\/910\/revisions\/2366"}],"wp:featuredmedia":[{"embeddable":true,"href":"https:\/\/amc77.org\/index.php\/wp-json\/wp\/v2\/media\/1367"}],"wp:attachment":[{"href":"https:\/\/amc77.org\/index.php\/wp-json\/wp\/v2\/media?parent=910"}],"curies":[{"name":"wp","href":"https:\/\/api.w.org\/{rel}","templated":true}]}}