{"id":942,"date":"2020-04-27T16:31:21","date_gmt":"2020-04-27T14:31:21","guid":{"rendered":"http:\/\/amc77.org\/?page_id=942"},"modified":"2021-05-20T16:05:54","modified_gmt":"2021-05-20T14:05:54","slug":"jouer-en-groupe","status":"publish","type":"page","link":"https:\/\/amc77.org\/index.php\/jouer-en-groupe\/","title":{"rendered":"Jouer en groupe"},"content":{"rendered":"\n<h1 class=\"has-text-align-center has-huge-font-size wp-block-heading\"><strong><em>Jouer en groupe <\/em><\/strong><\/h1>\n\n\n\n<p>Pour jouer ensemble, vous avez la possibilit\u00e9 d&rsquo;int\u00e9grer un de nos diff\u00e9rents ensembles ou l&rsquo;un de nos ateliers (dont la construction de votre atelier personnalis\u00e9 et coach\u00e9). <\/p>\n\n\n\n<div class=\"wp-block-image is-style-default\"><figure class=\"aligncenter size-large is-resized\"><img loading=\"lazy\" decoding=\"async\" src=\"http:\/\/amc77.org\/wp-content\/uploads\/2020\/05\/plusieurs-instruments-768x1024.png\" alt=\"\" class=\"wp-image-1407\" width=\"302\" height=\"401\" srcset=\"https:\/\/amc77.org\/wp-content\/uploads\/2020\/05\/plusieurs-instruments-225x300.png 225w, https:\/\/amc77.org\/wp-content\/uploads\/2020\/05\/plusieurs-instruments-768x1023.png 768w, https:\/\/amc77.org\/wp-content\/uploads\/2020\/05\/plusieurs-instruments.png 854w\" sizes=\"auto, (max-width: 302px) 85vw, 302px\" \/><\/figure><\/div>\n\n\n<div class=\"pt-cv-wrapper\"><div class=\"pt-cv-view pt-cv-grid pt-cv-colsys\" id=\"pt-cv-view-7341b45wl6\"><div data-id=\"pt-cv-page-1\" class=\"pt-cv-page\" data-cvc=\"1\"><div class=\"col-md-12 col-sm-6 col-xs-12 pt-cv-content-item pt-cv-1-col\" ><div class='pt-cv-ifield'><a href=\"https:\/\/amc77.org\/index.php\/ensembles\/\" class=\"_self pt-cv-href-thumbnail pt-cv-thumb-default\" target=\"_self\" ><\/a>\n<h4 class=\"pt-cv-title\"><a href=\"https:\/\/amc77.org\/index.php\/ensembles\/\" class=\"_self\" target=\"_self\" >Ensembles<\/a><\/h4><\/div><\/div>\n<div class=\"col-md-12 col-sm-6 col-xs-12 pt-cv-content-item pt-cv-1-col\" ><div class='pt-cv-ifield'><a href=\"https:\/\/amc77.org\/index.php\/ateliers\/\" class=\"_self pt-cv-href-thumbnail pt-cv-thumb-default\" target=\"_self\" ><\/a>\n<h4 class=\"pt-cv-title\"><a href=\"https:\/\/amc77.org\/index.php\/ateliers\/\" class=\"_self\" target=\"_self\" >Ateliers<\/a><\/h4><\/div><\/div><\/div><\/div><\/div>\n","protected":false},"excerpt":{"rendered":"<p>Jouer en groupe Pour jouer ensemble, vous avez la possibilit\u00e9 d&rsquo;int\u00e9grer un de nos diff\u00e9rents ensembles ou l&rsquo;un de nos ateliers (dont la construction de votre atelier personnalis\u00e9 et coach\u00e9).<\/p>\n","protected":false},"author":2,"featured_media":0,"parent":0,"menu_order":0,"comment_status":"closed","ping_status":"closed","template":"","meta":{"footnotes":""},"class_list":["post-942","page","type-page","status-publish","hentry"],"_links":{"self":[{"href":"https:\/\/amc77.org\/index.php\/wp-json\/wp\/v2\/pages\/942","targetHints":{"allow":["GET"]}}],"collection":[{"href":"https:\/\/amc77.org\/index.php\/wp-json\/wp\/v2\/pages"}],"about":[{"href":"https:\/\/amc77.org\/index.php\/wp-json\/wp\/v2\/types\/page"}],"author":[{"embeddable":true,"href":"https:\/\/amc77.org\/index.php\/wp-json\/wp\/v2\/users\/2"}],"replies":[{"embeddable":true,"href":"https:\/\/amc77.org\/index.php\/wp-json\/wp\/v2\/comments?post=942"}],"version-history":[{"count":10,"href":"https:\/\/amc77.org\/index.php\/wp-json\/wp\/v2\/pages\/942\/revisions"}],"predecessor-version":[{"id":1710,"href":"https:\/\/amc77.org\/index.php\/wp-json\/wp\/v2\/pages\/942\/revisions\/1710"}],"wp:attachment":[{"href":"https:\/\/amc77.org\/index.php\/wp-json\/wp\/v2\/media?parent=942"}],"curies":[{"name":"wp","href":"https:\/\/api.w.org\/{rel}","templated":true}]}}