{"id":955,"date":"2020-04-28T15:17:40","date_gmt":"2020-04-28T13:17:40","guid":{"rendered":"http:\/\/amc77.org\/?page_id=955"},"modified":"2026-04-16T18:07:14","modified_gmt":"2026-04-16T16:07:14","slug":"inscriptions","status":"publish","type":"page","link":"https:\/\/amc77.org\/index.php\/inscriptions\/","title":{"rendered":"Inscriptions"},"content":{"rendered":"\n<p>Pour toute inscription, merci de remplir une fiche par personne.<\/p>\n\n\n\n<p>Il faudra fournir :<\/p>\n\n\n\n<ul class=\"wp-block-list\">\n<li>un justificatif de domicile si vous \u00eates avonnais<\/li>\n\n\n\n<li>l&rsquo;assurance responsabilit\u00e9 civile pour chaque inscription<\/li>\n\n\n\n<li>paiement par ch\u00e8ques (possibilit\u00e9 de faire 8 ch\u00e8ques max avec des chiffres ronds)<\/li>\n<\/ul>\n\n\n\n<p class=\"has-medium-font-size\">Le secr\u00e9tariat est ouvert du lundi au vendredi de 14h00 \u00e0 19h00 et le mercredi toute la journ\u00e9e.<\/p>\n\n\n\n<p class=\"has-medium-font-size\">L&rsquo;\u00e9cole de musique sera ferm\u00e9e \u00e0 compter du 27 juillet. R\u00e9ouverture le 24 ao\u00fbt.<\/p>\n\n\n<a href=\"https:\/\/amc77.org\/wp-content\/uploads\/2026\/04\/fiche-inscription-individuelle-2026-2027.pdf\" class=\"pdfemb-viewer\" style=\"\" data-width=\"max\" data-height=\"max\" data-toolbar=\"both\" data-toolbar-fixed=\"on\">fiche-inscription-individuelle-2026-2027<\/a>\n\n\n\n\n<div class=\"\"><a href=\"https:\/\/amc77.org\/wp-content\/uploads\/2026\/04\/fiche-inscription-individuelle-2026-2027.pdf(ouvre%20un%20nouvel%20onglet)\" target=\"_self\" class=\"emd_dl_blue_three\" download>T\u00e9l\u00e9chargement<\/a><\/div>    <style>            \r\n    .emd_dl_blue_three {\r\n        -moz-box-shadow:inset 0px 1px 0px 0px #bee2f9;\r\n        -webkit-box-shadow:inset 0px 1px 0px 0px #bee2f9;\r\n        box-shadow:inset 0px 1px 0px 0px #bee2f9;\r\n        background:-webkit-gradient( linear, left top, left bottom, color-stop(0.05, #63b8ee), color-stop(1, #468ccf) );\r\n        background:-moz-linear-gradient( center top, #63b8ee 5%, #468ccf 100% );\r\n        filter:progid:DXImageTransform.Microsoft.gradient(startColorstr='#63b8ee', endColorstr='#468ccf');\r\n        background-color:#63b8ee;\r\n        -webkit-border-top-left-radius:0px;\r\n        -moz-border-radius-topleft:0px;\r\n        border-top-left-radius:0px;\r\n        -webkit-border-top-right-radius:0px;\r\n        -moz-border-radius-topright:0px;\r\n        border-top-right-radius:0px;\r\n        -webkit-border-bottom-right-radius:0px;\r\n        -moz-border-radius-bottomright:0px;\r\n        border-bottom-right-radius:0px;\r\n        -webkit-border-bottom-left-radius:0px;\r\n        -moz-border-radius-bottomleft:0px;\r\n        border-bottom-left-radius:0px;\r\n        text-indent:0;\r\n        border:1px solid #3866a3;\r\n        display:inline-block;\r\n        color:#14396a !important;\r\n        font-family:Georgia;\r\n        font-size:15px;\r\n        font-weight:bold;\r\n        font-style:normal;\r\n        height:41px;\r\n        line-height:41px;\r\n        width:153px;\r\n        text-decoration:none;\r\n        text-align:center;\r\n        text-shadow:1px 1px 0px #7cacde;\r\n    }\r\n    .emd_dl_blue_three:hover {\r\n        background:-webkit-gradient( linear, left top, left bottom, color-stop(0.05, #468ccf), color-stop(1, #63b8ee) );\r\n        background:-moz-linear-gradient( center top, #468ccf 5%, #63b8ee 100% );\r\n        filter:progid:DXImageTransform.Microsoft.gradient(startColorstr='#468ccf', endColorstr='#63b8ee');\r\n        background-color:#468ccf;\r\n    }.emd_dl_blue_three:active {\r\n        position:relative;\r\n        top:1px;\r\n    }<\/style>\n","protected":false},"excerpt":{"rendered":"<p>Pour toute inscription, merci de remplir une fiche par personne. Il faudra fournir : Le secr\u00e9tariat est ouvert du lundi au vendredi de 14h00 \u00e0 19h00 et le mercredi toute la journ\u00e9e. L&rsquo;\u00e9cole de musique sera ferm\u00e9e \u00e0 compter du 27 juillet. R\u00e9ouverture le 24 ao\u00fbt.<\/p>\n","protected":false},"author":2,"featured_media":1306,"parent":0,"menu_order":0,"comment_status":"closed","ping_status":"closed","template":"","meta":{"footnotes":""},"class_list":["post-955","page","type-page","status-publish","has-post-thumbnail","hentry"],"_links":{"self":[{"href":"https:\/\/amc77.org\/index.php\/wp-json\/wp\/v2\/pages\/955","targetHints":{"allow":["GET"]}}],"collection":[{"href":"https:\/\/amc77.org\/index.php\/wp-json\/wp\/v2\/pages"}],"about":[{"href":"https:\/\/amc77.org\/index.php\/wp-json\/wp\/v2\/types\/page"}],"author":[{"embeddable":true,"href":"https:\/\/amc77.org\/index.php\/wp-json\/wp\/v2\/users\/2"}],"replies":[{"embeddable":true,"href":"https:\/\/amc77.org\/index.php\/wp-json\/wp\/v2\/comments?post=955"}],"version-history":[{"count":29,"href":"https:\/\/amc77.org\/index.php\/wp-json\/wp\/v2\/pages\/955\/revisions"}],"predecessor-version":[{"id":2857,"href":"https:\/\/amc77.org\/index.php\/wp-json\/wp\/v2\/pages\/955\/revisions\/2857"}],"wp:featuredmedia":[{"embeddable":true,"href":"https:\/\/amc77.org\/index.php\/wp-json\/wp\/v2\/media\/1306"}],"wp:attachment":[{"href":"https:\/\/amc77.org\/index.php\/wp-json\/wp\/v2\/media?parent=955"}],"curies":[{"name":"wp","href":"https:\/\/api.w.org\/{rel}","templated":true}]}}