{"id":964,"date":"2020-04-28T16:33:43","date_gmt":"2020-04-28T14:33:43","guid":{"rendered":"http:\/\/amc77.org\/?page_id=964"},"modified":"2024-04-08T11:14:10","modified_gmt":"2024-04-08T09:14:10","slug":"lensemble-jazz-ados","status":"publish","type":"page","link":"https:\/\/amc77.org\/index.php\/lensemble-jazz-ados\/","title":{"rendered":"Ensemble Jazz Ados"},"content":{"rendered":"\n<p class=\"has-text-align-center\">L&rsquo;ensemble Jazz Ados s&rsquo;adresse essentiellement aux adolescents de toutes les classes d&rsquo;instruments, d\u00e9sireux de s&rsquo;initier \u00e0 l&rsquo;improvisation sur un r\u00e9pertoire jazz, rythm&rsquo;ns blues et funky.<\/p>\n\n\n\n<p class=\"has-text-align-center\">Cet ensemble est ouvert aux adh\u00e9rents de l&rsquo;\u00e9cole mais aussi aux ext\u00e9rieurs.<\/p>\n\n\n\n<figure class=\"wp-block-image size-large\"><img loading=\"lazy\" decoding=\"async\" width=\"724\" height=\"1024\" src=\"https:\/\/amc77.org\/wp-content\/uploads\/2024\/04\/affiche-atelier-jazz-ados2024-724x1024.png\" alt=\"\" class=\"wp-image-2361\" srcset=\"https:\/\/amc77.org\/wp-content\/uploads\/2024\/04\/affiche-atelier-jazz-ados2024-724x1024.png 724w, https:\/\/amc77.org\/wp-content\/uploads\/2024\/04\/affiche-atelier-jazz-ados2024-212x300.png 212w, https:\/\/amc77.org\/wp-content\/uploads\/2024\/04\/affiche-atelier-jazz-ados2024-768x1086.png 768w, https:\/\/amc77.org\/wp-content\/uploads\/2024\/04\/affiche-atelier-jazz-ados2024.png 794w\" sizes=\"auto, (max-width: 724px) 85vw, 724px\" \/><\/figure>\n","protected":false},"excerpt":{"rendered":"<p>L&rsquo;ensemble Jazz Ados s&rsquo;adresse essentiellement aux adolescents de toutes les classes d&rsquo;instruments, d\u00e9sireux de s&rsquo;initier \u00e0 l&rsquo;improvisation sur un r\u00e9pertoire jazz, rythm&rsquo;ns blues et funky. Cet ensemble est ouvert aux adh\u00e9rents de l&rsquo;\u00e9cole mais aussi aux ext\u00e9rieurs.<\/p>\n","protected":false},"author":2,"featured_media":965,"parent":0,"menu_order":0,"comment_status":"closed","ping_status":"closed","template":"","meta":{"footnotes":""},"class_list":["post-964","page","type-page","status-publish","has-post-thumbnail","hentry"],"_links":{"self":[{"href":"https:\/\/amc77.org\/index.php\/wp-json\/wp\/v2\/pages\/964","targetHints":{"allow":["GET"]}}],"collection":[{"href":"https:\/\/amc77.org\/index.php\/wp-json\/wp\/v2\/pages"}],"about":[{"href":"https:\/\/amc77.org\/index.php\/wp-json\/wp\/v2\/types\/page"}],"author":[{"embeddable":true,"href":"https:\/\/amc77.org\/index.php\/wp-json\/wp\/v2\/users\/2"}],"replies":[{"embeddable":true,"href":"https:\/\/amc77.org\/index.php\/wp-json\/wp\/v2\/comments?post=964"}],"version-history":[{"count":9,"href":"https:\/\/amc77.org\/index.php\/wp-json\/wp\/v2\/pages\/964\/revisions"}],"predecessor-version":[{"id":2362,"href":"https:\/\/amc77.org\/index.php\/wp-json\/wp\/v2\/pages\/964\/revisions\/2362"}],"wp:featuredmedia":[{"embeddable":true,"href":"https:\/\/amc77.org\/index.php\/wp-json\/wp\/v2\/media\/965"}],"wp:attachment":[{"href":"https:\/\/amc77.org\/index.php\/wp-json\/wp\/v2\/media?parent=964"}],"curies":[{"name":"wp","href":"https:\/\/api.w.org\/{rel}","templated":true}]}}